{"id":16630,"date":"2024-08-22T18:01:17","date_gmt":"2024-08-22T18:01:17","guid":{"rendered":"https:\/\/prehabilitation.ca\/?page_id=16630"},"modified":"2024-08-22T18:01:17","modified_gmt":"2024-08-22T18:01:17","slug":"research-and-innovation","status":"publish","type":"page","link":"https:\/\/prehabilitation.ca\/fr\/research-and-innovation\/","title":{"rendered":"Recherche et innovation"},"content":{"rendered":"<div class=\"wpb-content-wrapper\"><div class=\"vc_row wpb_row vc_row-fluid\"><div class=\"wpb_column vc_column_container vc_col-sm-12\"><div class=\"vc_column-inner\"><div class=\"wpb_wrapper\"><div id=\"ultimate-heading-255969f1bb9d96741\" class=\"uvc-heading ult-adjust-bottom-margin ultimate-heading-255969f1bb9d96741 uvc-8541  uvc-heading-default-font-sizes\" data-hspacer=\"no_spacer\"  data-halign=\"center\" style=\"text-align:center\"><div class=\"uvc-heading-spacer no_spacer\" style=\"top\"><\/div><div class=\"uvc-main-heading ult-responsive\"  data-ultimate-target='.uvc-heading.ultimate-heading-255969f1bb9d96741 h1'  data-responsive-json-new='{\"font-size\":\"\",\"line-height\":\"\"}' ><h1 style=\"font-weight:bold;color:#28a7fb;\">Groupe de recherche de la clinique de pr\u00e9adaptation<\/h1><\/div><\/div>\n\t<div class=\"wpb_text_column wpb_content_element  vc_custom_1724244518104\" >\n\t\t<div class=\"wpb_wrapper\">\n\t\t\t<p><b>\u00c0 propos du groupe de recherche<\/b><\/p>\n<p>Le groupe de recherche de la clinique de pr\u00e9adaptation se charge d'am\u00e9liorer les soins aux patients gr\u00e2ce \u00e0 des \u00e9tudes novatrices sur les programmes de pr\u00e9adaptation multimodaux. Nous nous int\u00e9ressons notamment \u00e0 l'impact de l'exercice physique, de la nutrition et du soutien psychologique sur l'optimisation et les r\u00e9sultats de la chirurgie<\/p>\n\n\t\t<\/div>\n\t<\/div>\n<\/div><\/div><\/div><\/div><div class=\"vc_row wpb_row vc_row-fluid\"><div class=\"wpb_column vc_column_container vc_col-sm-12\"><div class=\"vc_column-inner\"><div class=\"wpb_wrapper\">\n\t<div class=\"wpb_text_column wpb_content_element  vc_custom_1724244664115\" >\n\t\t<div class=\"wpb_wrapper\">\n\t\t\t<p><strong>Recherche actuelle<\/strong><\/p>\n<ol>\n<li>Pr\u00e9habilitation et analg\u00e9sie multimodales : Un essai contr\u00f4l\u00e9 randomis\u00e9 pragmatique sur l'effet de l'exercice pr\u00e9op\u00e9ratoire avec optimisation de la nutrition sur l'intensit\u00e9 de la douleur post-chirurgicale chez les populations vuln\u00e9rables<\/li>\n<li><span style=\"font-weight: 400\">La correction de la malnutrition est-elle suffisante pour am\u00e9liorer la fonction physique avant une chirurgie \u00e9lective du cancer colorectal ? Un essai contr\u00f4l\u00e9 randomis\u00e9 de la nutrition contre la pr\u00e9habilitation par la nutrition et l'exercice.<\/span><\/li>\n<li><span style=\"font-weight: 400\">Pr\u00e9habilitation virtuelle pour les patients atteints d'un cancer chirurgical : Une \u00e9tude de faisabilit\u00e9<\/span><\/li>\n<li><span style=\"font-weight: 400\">Normes pour la pr\u00e9sentation des m\u00e9thodes de recherche, des interventions et des r\u00e9sultats dans le domaine de la pr\u00e9habilitation chirurgicale (SOS-Prehab)<\/span><\/li>\n<li><span style=\"font-weight: 400\">D\u00e9veloppement et validation de l'outil de d\u00e9pistage alimentaire pr\u00e9op\u00e9ratoire<\/span><\/li>\n<li><span style=\"font-weight: 400\">La pr\u00e9habilitation de pr\u00e9cision, une nouvelle approche pour maintenir la fonction musculaire dans la trajectoire du cancer de l'ovaire<\/span><\/li>\n<li><span style=\"font-weight: 400\">Faisabilit\u00e9 d'une pr\u00e9habilitation multimodale pour am\u00e9liorer le contr\u00f4le de la glyc\u00e9mie avant une intervention chirurgicale chez les personnes dont le taux d'HbA1C est sup\u00e9rieur \u00e0 5,7 %.<\/span><\/li>\n<\/ol>\n\n\t\t<\/div>\n\t<\/div>\n<\/div><\/div><\/div><\/div><div class=\"vc_row wpb_row vc_row-fluid\"><div class=\"wpb_column vc_column_container vc_col-sm-12\"><div class=\"vc_column-inner\"><div class=\"wpb_wrapper\">\n\t<div class=\"wpb_text_column wpb_content_element  vc_custom_1724246414839\" >\n\t\t<div class=\"wpb_wrapper\">\n\t\t\t<p style=\"text-align: center\"><b>Rencontrer l'\u00e9quipe de recherche<\/b><\/p>\n\n\t\t<\/div>\n\t<\/div>\n<\/div><\/div><\/div><\/div><div class=\"vc_row wpb_row vc_row-fluid vc_custom_1713470895970\"><div class=\"column-worker wpb_column vc_column_container vc_col-sm-4\"><div class=\"vc_column-inner vc_custom_1713791171637\"><div class=\"wpb_wrapper\">\n\t<div  class=\"wpb_single_image wpb_content_element vc_align_left\">\n\t\t\n\t\t<figure class=\"wpb_wrapper vc_figure\">\n\t\t\t<div class=\"vc_single_image-wrapper   vc_box_border_grey\"><img loading=\"lazy\" decoding=\"async\" width=\"300\" height=\"300\" src=\"https:\/\/prehabilitation.ca\/wp-content\/uploads\/sites\/10\/2024\/04\/chelsia-300x300.webp\" class=\"vc_single_image-img attachment-medium\" alt=\"Chelsia\" title=\"chelsia\" srcset=\"https:\/\/prehabilitation.ca\/wp-content\/uploads\/sites\/10\/2024\/04\/chelsia-300x300.webp 300w, https:\/\/prehabilitation.ca\/wp-content\/uploads\/sites\/10\/2024\/04\/chelsia-150x150.webp 150w, https:\/\/prehabilitation.ca\/wp-content\/uploads\/sites\/10\/2024\/04\/chelsia-12x12.webp 12w, https:\/\/prehabilitation.ca\/wp-content\/uploads\/sites\/10\/2024\/04\/chelsia.webp 768w\" sizes=\"auto, (max-width: 300px) 100vw, 300px\"  data-dt-location=\"https:\/\/prehabilitation.ca\/fr\/about-us\/research-team\/chelsia\/\" \/><\/div>\n\t\t<\/figure>\n\t<\/div>\n<div class=\"vc_row wpb_row vc_inner vc_row-fluid\"><div class=\"text-and-email wpb_column vc_column_container vc_col-sm-12\"><div class=\"vc_column-inner\"><div class=\"wpb_wrapper\">\n\t<div class=\"wpb_text_column wpb_content_element\" >\n\t\t<div class=\"wpb_wrapper\">\n\t\t\t<p><strong>Dr. Chelsia Gillis, PhD<\/strong><br \/>\nDirecteur du service p\u00e9riop\u00e9ratoire<br \/>\nRecherche m\u00e9dicale<\/p>\n\n\t\t<\/div>\n\t<\/div>\n<div class=\"vc_icon_element vc_icon_element-outer vc_do_icon vc_icon_element-align-center\"><div class=\"vc_icon_element-inner vc_icon_element-color-custom vc_icon_element-size-md vc_icon_element-style- vc_icon_element-background-color-grey\" ><span class=\"vc_icon_element-icon fas fa-envelope\" style=\"color:#0078c8 !important\"><\/span><a class=\"vc_icon_element-link\" href=\"mailto:chelsia.gillis@mcgill.ca\"  title=\"\" target=\"_blank\"><\/a><\/div><\/div><\/div><\/div><\/div><\/div><\/div><\/div><\/div><div class=\"column-worker wpb_column vc_column_container vc_col-sm-8\"><div class=\"vc_column-inner vc_custom_1724245415930\"><div class=\"wpb_wrapper\">\n\t<div class=\"wpb_text_column wpb_content_element\" >\n\t\t<div class=\"wpb_wrapper\">\n\t\t\t<p>Chelsia Gillis est professeure adjointe \u00e0 l'\u00c9cole de nutrition humaine, avec des nominations associ\u00e9es en anesth\u00e9sie et en chirurgie, \u00e0 l'Universit\u00e9 McGill. Elle est titulaire d'un doctorat en \u00e9pid\u00e9miologie, di\u00e9t\u00e9ticienne agr\u00e9\u00e9e, boursi\u00e8re canadienne Vanier et clinicienne agr\u00e9\u00e9e en soutien nutritionnel. L'initiative de recherche du Dr Gillis se concentre sur l'am\u00e9lioration des r\u00e9sultats pour les patients en chirurgie en d\u00e9veloppant des connaissances fond\u00e9es sur des preuves et en appliquant ces connaissances dans des environnements cliniques afin d'am\u00e9liorer les services de soins de sant\u00e9 \u00e0 travers le Canada. Ses recherches portent sur la pr\u00e9adaptation, l'am\u00e9lioration de la r\u00e9cup\u00e9ration apr\u00e8s la chirurgie, le m\u00e9tabolisme chirurgical et l'engagement des patients.<\/p>\n\n\t\t<\/div>\n\t<\/div>\n<\/div><\/div><\/div><\/div><div class=\"vc_row wpb_row vc_row-fluid\"><div class=\"wpb_column vc_column_container vc_col-sm-12\"><div class=\"vc_column-inner\"><div class=\"wpb_wrapper\">\n\t<div class=\"wpb_text_column wpb_content_element  vc_custom_1724349670189\" >\n\t\t<div class=\"wpb_wrapper\">\n\t\t\t<p style=\"text-align: left;font-size:21px;\"><strong>Associ\u00e9s de recherche :<\/strong><br \/>\nDr. Amal Bessissow<br \/>\nDr. Amine Benmassaoud<br \/>\nDr. Stephanie Chevalier<br \/>\nDr. Heather Gill<br \/>\nDr. Jonathan Cools-Lartigue<\/p>\n\n\t\t<\/div>\n\t<\/div>\n<\/div><\/div><\/div><\/div><div class=\"vc_row wpb_row vc_row-fluid vc_custom_1461851167541\"><div class=\"wpb_column vc_column_container vc_col-sm-8 vc_col-lg-offset-2 vc_col-md-offset-2 vc_col-sm-offset-2\"><div class=\"vc_column-inner\"><div class=\"wpb_wrapper\"><div id=\"ultimate-heading-336269f1bb9d9af57\" class=\"uvc-heading ult-adjust-bottom-margin ultimate-heading-336269f1bb9d9af57 uvc-8827  uvc-heading-default-font-sizes\" data-hspacer=\"no_spacer\"  data-halign=\"center\" style=\"text-align:center\"><div class=\"uvc-heading-spacer no_spacer\" style=\"top\"><\/div><div class=\"uvc-main-heading ult-responsive\"  data-ultimate-target='.uvc-heading.ultimate-heading-336269f1bb9d9af57 h1'  data-responsive-json-new='{\"font-size\":\"\",\"line-height\":\"\"}' ><h1 style=\"font-weight:bold;\">Derni\u00e8res nouvelles et \u00e9v\u00e9nements<\/h1><\/div><div class=\"uvc-sub-heading ult-responsive\"  data-ultimate-target='.uvc-heading.ultimate-heading-336269f1bb9d9af57 .uvc-sub-heading '  data-responsive-json-new='{\"font-size\":\"desktop:18px;\",\"line-height\":\"desktop:28px;\"}'  style=\"font-weight:normal;color:#9a9a9a;margin-top:20px;margin-bottom:60px;\"><\/p>\n<p style=\"text-align: center\">Visitez le site Prehabilitation.ca pour vous tenir au courant des derni\u00e8res nouvelles, des \u00e9v\u00e9nements et consulter les mises \u00e0 jour<\/p>\n<p><\/div><\/div><\/div><\/div><\/div><div class=\"wpb_column vc_column_container vc_col-sm-12\"><div class=\"vc_column-inner\"><div class=\"wpb_wrapper\"><div class=\"dt-shortcode with-isotope\"><div class=\"wf-container dt-blog-shortcode resize-by-browser-width vertical-fancy-style loading-effect-none iso-grid description-under-image content-align-left\" data-padding=\"25px\" data-cur-page=\"1\" data-posts-per-page=\"-1\" data-desktop-columns-num=\"3\" data-v-tablet-columns-num=\"3\" data-h-tablet-columns-num=\"3\" data-phone-columns-num=\"1\" data-width=\"370px\" data-columns=\"3\">\n<div class=\"wf-cell\" data-post-id=\"16441\" data-date=\"2023-09-12T16:12:12+00:00\" data-name=\"Newsletter - August 2023\">\n\t<article class=\"post post-16441 type-post status-publish format-standard has-post-thumbnail hentry category-latest-news category-56 description-off\">\n\n\t\t\n\t\t\t<div class=\"blog-media wf-td\">\n\n\t\t\t\t<p><a href=\"https:\/\/prehabilitation.ca\/fr\/newsletter-august-2023\/\" class=\"alignnone rollover layzr-bg\" ><img fetchpriority=\"high\" decoding=\"async\" class=\"preload-me iso-lazy-load aspect\" src=\"data:image\/svg+xml,%3Csvg%20xmlns%3D&#39;http%3A%2F%2Fwww.w3.org%2F2000%2Fsvg&#39;%20viewBox%3D&#39;0%200%20555%20369&#39;%2F%3E\" data-src=\"https:\/\/prehabilitation.ca\/wp-content\/uploads\/sites\/10\/2023\/09\/Picture-555x369.png\" data-srcset=\"https:\/\/prehabilitation.ca\/wp-content\/uploads\/sites\/10\/2023\/09\/Picture-555x369.png 555w, https:\/\/prehabilitation.ca\/wp-content\/uploads\/sites\/10\/2023\/09\/Picture.png 1025w\" loading=\"eager\" style=\"--ratio: 555 \/ 369\" sizes=\"(max-width: 555px) 100vw, 555px\" alt=\"\" title=\"Picture\" width=\"555\" height=\"369\"  \/><\/a><\/p>\n\t\t\t<\/div>\n\n\t\t\n\t\t<div class=\"blog-content wf-td\">\n\t\t\t<h3 class=\"entry-title\"><a href=\"https:\/\/prehabilitation.ca\/fr\/newsletter-august-2023\/\" title=\"Newsletter &#8211; August 2023\" rel=\"bookmark\">Bulletin - Ao\u00fbt\u00a02023<\/a><\/h3>\n\n\t\t\t<p>WHAT\u2019S UP AT POP? Peri Operative Programme P\u00e9ri-Op\u00e9ratoire (POP) Newsletter August 2023 PERI OPERATIVE PROGRAMME P\u00c9RI OP\u00c9RATOIRE (POP) TEAM 2022-2023 PRESIDENT\u2019S REPORT The New MUHC Prehabilitation Clinic: As of October 2021, POP was given the authority by the MUHC to operate as a clinic. The new MUHC clinic is staffed by 3 MUHC employees; 1&hellip;<\/p>\n\n<a href=\"https:\/\/prehabilitation.ca\/fr\/newsletter-august-2023\/\" class=\"details more-link\" aria-label=\"Read more about Newsletter &#8211; August 2023\">D\u00e9tails<\/a>\n\n\t\t<\/div>\n\n\t<\/article>\n\n<\/div>\n<div class=\"wf-cell\" data-post-id=\"16301\" data-date=\"2021-09-13T04:05:51+00:00\" data-name=\"Newsletter - September 2021\">\n\t<article class=\"post post-16301 type-post status-publish format-standard has-post-thumbnail hentry category-latest-news category-56 description-off\">\n\n\t\t\n\t\t\t<div class=\"blog-media wf-td\">\n\n\t\t\t\t<p><a href=\"https:\/\/prehabilitation.ca\/fr\/newsletter-september-2021\/\" class=\"alignnone rollover layzr-bg\" ><img decoding=\"async\" class=\"preload-me iso-lazy-load aspect\" src=\"data:image\/svg+xml,%3Csvg%20xmlns%3D&#39;http%3A%2F%2Fwww.w3.org%2F2000%2Fsvg&#39;%20viewBox%3D&#39;0%200%20555%20370&#39;%2F%3E\" data-src=\"https:\/\/prehabilitation.ca\/wp-content\/uploads\/sites\/10\/2021\/09\/photo-1576091160399-112ba8d25d1d-555x370.webp\" data-srcset=\"https:\/\/prehabilitation.ca\/wp-content\/uploads\/sites\/10\/2021\/09\/photo-1576091160399-112ba8d25d1d-555x370.webp 555w, https:\/\/prehabilitation.ca\/wp-content\/uploads\/sites\/10\/2021\/09\/photo-1576091160399-112ba8d25d1d.webp 1050w\" loading=\"eager\" style=\"--ratio: 555 \/ 370\" sizes=\"(max-width: 555px) 100vw, 555px\" alt=\"\" title=\"photo-1576091160399-112ba8d25d1d\" width=\"555\" height=\"370\"  \/><\/a><\/p>\n\t\t\t<\/div>\n\n\t\t\n\t\t<div class=\"blog-content wf-td\">\n\t\t\t<h3 class=\"entry-title\"><a href=\"https:\/\/prehabilitation.ca\/fr\/newsletter-september-2021\/\" title=\"Newsletter &#8211; September 2021\" rel=\"bookmark\">Bulletin \u2013\u00a0septembre\u00a02021<\/a><\/h3>\n\n\t\t\t<p>Morbi consequat, neque tincidunt auctor mattis, libero augue molestie nulla, at dapibus urna libero nec dolor. Aliquam venenatis magna eu libero finibus malesuada. Aenean hendrerit ante sed turpis interdum consequat. Proin eleifend nulla ac augue ultricies sodales.Nam eget mollis diam. Sed nec felis ut massa volutpat dictum quis id tortor. Maecenas hendrerit, dui quis condimentum eleifend, orci lacus rutrum libero, ac tempus sem justo quis ex. Mauris vestibulum dapibus auctor.<\/p>\n\n<a href=\"https:\/\/prehabilitation.ca\/fr\/newsletter-september-2021\/\" class=\"details more-link\" aria-label=\"Read more about Newsletter &#8211; September 2021\">D\u00e9tails<\/a>\n\n\t\t<\/div>\n\n\t<\/article>\n\n<\/div>\n<div class=\"wf-cell\" data-post-id=\"16073\" data-date=\"2020-12-10T05:05:01+00:00\" data-name=\"Newsletter - September 2020\">\n\t<article class=\"post post-16073 type-post status-publish format-standard has-post-thumbnail hentry category-latest-news category-56 description-off\">\n\n\t\t\n\t\t\t<div class=\"blog-media wf-td\">\n\n\t\t\t\t<p><a href=\"https:\/\/prehabilitation.ca\/fr\/newsletter-september-2020\/\" class=\"alignnone rollover layzr-bg\" ><img decoding=\"async\" class=\"preload-me iso-lazy-load aspect\" src=\"data:image\/svg+xml,%3Csvg%20xmlns%3D&#39;http%3A%2F%2Fwww.w3.org%2F2000%2Fsvg&#39;%20viewBox%3D&#39;0%200%20555%20369&#39;%2F%3E\" data-src=\"https:\/\/prehabilitation.ca\/wp-content\/uploads\/sites\/10\/2020\/12\/Perioperative-program-prehabilitation-canada-newsletter-2020-555x369.jpg\" data-srcset=\"https:\/\/prehabilitation.ca\/wp-content\/uploads\/sites\/10\/2020\/12\/Perioperative-program-prehabilitation-canada-newsletter-2020-555x369.jpg 555w, https:\/\/prehabilitation.ca\/wp-content\/uploads\/sites\/10\/2020\/12\/Perioperative-program-prehabilitation-canada-newsletter-2020-1110x738.jpg 1110w\" loading=\"eager\" style=\"--ratio: 555 \/ 369\" sizes=\"(max-width: 555px) 100vw, 555px\" alt=\"\" title=\"Perioperative program prehabilitation canada newsletter 2020\" width=\"555\" height=\"369\"  \/><\/a><\/p>\n\t\t\t<\/div>\n\n\t\t\n\t\t<div class=\"blog-content wf-td\">\n\t\t\t<h3 class=\"entry-title\"><a href=\"https:\/\/prehabilitation.ca\/fr\/newsletter-september-2020\/\" title=\"Newsletter &#8211; September 2020\" rel=\"bookmark\">Bulletin \u2013\u00a0septembre\u00a02020<\/a><\/h3>\n\n\t\t\t<p>Morbi consequat, neque tincidunt auctor mattis, libero augue molestie nulla, at dapibus urna libero nec dolor. Aliquam venenatis magna eu libero finibus malesuada. Aenean hendrerit ante sed turpis interdum consequat. Proin eleifend nulla ac augue ultricies sodales.Nam eget mollis diam. Sed nec felis ut massa volutpat dictum quis id tortor. Maecenas hendrerit, dui quis condimentum eleifend, orci lacus rutrum libero, ac tempus sem justo quis ex. Mauris vestibulum dapibus auctor.<\/p>\n\n<a href=\"https:\/\/prehabilitation.ca\/fr\/newsletter-september-2020\/\" class=\"details more-link\" aria-label=\"Read more about Newsletter &#8211; September 2020\">D\u00e9tails<\/a>\n\n\t\t<\/div>\n\n\t<\/article>\n\n<\/div><\/div><\/div><\/div><\/div><\/div><\/div>\n<\/div>","protected":false},"excerpt":{"rendered":"<p>Prehabilitation Clinic Research Group About the Research Group The Prehabilitation Clinic Research Group is dedicated to enhancing patient outcomes through pioneering studies on multimodal prehabilitation programs. Our focus includes the impact of exercise, nutrition, and psychological support on surgical optimization and outcomes. Current Research Multimodal prehabilitation and analgesia: A pragmatic randomized controlled trial on the&hellip;<\/p>","protected":false},"author":116,"featured_media":0,"parent":0,"menu_order":0,"comment_status":"closed","ping_status":"closed","template":"","meta":{"_monsterinsights_skip_tracking":false,"_monsterinsights_sitenote_active":false,"_monsterinsights_sitenote_note":"","_monsterinsights_sitenote_category":0,"footnotes":""},"yst_prominent_words":[],"class_list":["post-16630","page","type-page","status-publish","hentry","description-off"],"_links":{"self":[{"href":"https:\/\/prehabilitation.ca\/fr\/wp-json\/wp\/v2\/pages\/16630","targetHints":{"allow":["GET"]}}],"collection":[{"href":"https:\/\/prehabilitation.ca\/fr\/wp-json\/wp\/v2\/pages"}],"about":[{"href":"https:\/\/prehabilitation.ca\/fr\/wp-json\/wp\/v2\/types\/page"}],"author":[{"embeddable":true,"href":"https:\/\/prehabilitation.ca\/fr\/wp-json\/wp\/v2\/users\/116"}],"replies":[{"embeddable":true,"href":"https:\/\/prehabilitation.ca\/fr\/wp-json\/wp\/v2\/comments?post=16630"}],"version-history":[{"count":13,"href":"https:\/\/prehabilitation.ca\/fr\/wp-json\/wp\/v2\/pages\/16630\/revisions"}],"predecessor-version":[{"id":16647,"href":"https:\/\/prehabilitation.ca\/fr\/wp-json\/wp\/v2\/pages\/16630\/revisions\/16647"}],"wp:attachment":[{"href":"https:\/\/prehabilitation.ca\/fr\/wp-json\/wp\/v2\/media?parent=16630"}],"wp:term":[{"taxonomy":"yst_prominent_words","embeddable":true,"href":"https:\/\/prehabilitation.ca\/fr\/wp-json\/wp\/v2\/yst_prominent_words?post=16630"}],"curies":[{"name":"wp","href":"https:\/\/api.w.org\/{rel}","templated":true}]}}