{"id":16618,"date":"2024-08-22T18:15:47","date_gmt":"2024-08-22T18:15:47","guid":{"rendered":"https:\/\/prehabilitation.ca\/?page_id=16618"},"modified":"2024-08-22T18:15:47","modified_gmt":"2024-08-22T18:15:47","slug":"fellowship","status":"publish","type":"page","link":"https:\/\/prehabilitation.ca\/fr\/fellowship\/","title":{"rendered":"La fraternit\u00e9"},"content":{"rendered":"<div class=\"wpb-content-wrapper\"><div class=\"vc_row wpb_row vc_row-fluid vc_custom_1598574158740\"><div class=\"wpb_column vc_column_container vc_col-sm-12\"><div class=\"vc_column-inner\"><div class=\"wpb_wrapper\"><div id=\"ultimate-heading-201969dff791bd799\" class=\"uvc-heading ult-adjust-bottom-margin ultimate-heading-201969dff791bd799 uvc-7704  uvc-heading-default-font-sizes\" data-hspacer=\"no_spacer\"  data-halign=\"left\" style=\"text-align:left\"><div class=\"uvc-heading-spacer no_spacer\" style=\"top\"><\/div><div class=\"uvc-main-heading ult-responsive\"  data-ultimate-target='.uvc-heading.ultimate-heading-201969dff791bd799 h1'  data-responsive-json-new='{\"font-size\":\"\",\"line-height\":\"\"}' ><h1 style=\"--font-weight:theme;\">Le stage de perfectionnement (fellowship) en pr\u00e9adaptation et r\u00e9cup\u00e9ration am\u00e9lior\u00e9e apr\u00e8s la chirurgie est offert par le D\u00e9partement d'anesth\u00e9sie de l'Universit\u00e9 McGill<\/h1><\/div><\/div><\/div><\/div><\/div><\/div><div class=\"vc_row wpb_row vc_row-fluid\"><div class=\"wpb_column vc_column_container vc_col-sm-12\"><div class=\"vc_column-inner\"><div class=\"wpb_wrapper\">\n\t<div class=\"wpb_text_column wpb_content_element\" >\n\t\t<div class=\"wpb_wrapper\">\n\t\t\t<p><strong>Directeur du stage<\/strong>: Dr. Janius Tsang<\/p>\n<p><strong>Nom de l'\u00e9tablissement<\/strong>: Centre universitaire de sant\u00e9 McGill<\/p>\n<p><strong>Lieu du stage<\/strong>: H\u00f4pital g\u00e9n\u00e9ral de Montr\u00e9al, Montr\u00e9al, Qu\u00e9bec, Canada<\/p>\n<p><strong>Type de stage<\/strong>: Stage de recherche et pratique clinique<\/p>\n<p><strong>Candidats<\/strong>: \u00catre m\u00e9decin dipl\u00f4m\u00e9 d'une \u00e9cole de m\u00e9decine figurant dans le r\u00e9pertoire <a href=\"https:\/\/search.wdoms.org\/\">Faimer<\/a>.<\/p>\n<p><strong>Pour plus d'informations, veuillez consulter le site web <a href=\"https:\/\/www.mcgill.ca\/pgme\/admissions\/prospective-fellows\">de la Facult\u00e9 d'\u00e9ducation m\u00e9dicale post-gradu\u00e9e (PGME) de l'Universit\u00e9 McGill.<\/a>.<\/strong><\/p>\n\n\t\t<\/div>\n\t<\/div>\n<\/div><\/div><\/div><\/div><div class=\"vc_row wpb_row vc_row-fluid vc_custom_1461851167541\"><div class=\"wpb_column vc_column_container vc_col-sm-8 vc_col-lg-offset-2 vc_col-md-offset-2 vc_col-sm-offset-2\"><div class=\"vc_column-inner\"><div class=\"wpb_wrapper\"><div id=\"ultimate-heading-221169dff791bee52\" class=\"uvc-heading ult-adjust-bottom-margin ultimate-heading-221169dff791bee52 uvc-6610  uvc-heading-default-font-sizes\" data-hspacer=\"no_spacer\"  data-halign=\"center\" style=\"text-align:center\"><div class=\"uvc-heading-spacer no_spacer\" style=\"top\"><\/div><div class=\"uvc-main-heading ult-responsive\"  data-ultimate-target='.uvc-heading.ultimate-heading-221169dff791bee52 h1'  data-responsive-json-new='{\"font-size\":\"\",\"line-height\":\"\"}' ><h1 style=\"font-weight:bold;\">Derni\u00e8res nouvelles et \u00e9v\u00e9nements<\/h1><\/div><div class=\"uvc-sub-heading ult-responsive\"  data-ultimate-target='.uvc-heading.ultimate-heading-221169dff791bee52 .uvc-sub-heading '  data-responsive-json-new='{\"font-size\":\"desktop:18px;\",\"line-height\":\"desktop:28px;\"}'  style=\"font-weight:normal;color:#9a9a9a;margin-top:20px;margin-bottom:60px;\"><\/p>\n<p style=\"text-align: center\">Visitez le site Prehabilitation.ca pour vous tenir au courant des derni\u00e8res nouvelles, des \u00e9v\u00e9nements et consulter les mises \u00e0 jour<\/p>\n<p><\/div><\/div><\/div><\/div><\/div><div class=\"wpb_column vc_column_container vc_col-sm-12\"><div class=\"vc_column-inner\"><div class=\"wpb_wrapper\"><div class=\"dt-shortcode with-isotope\"><div class=\"wf-container dt-blog-shortcode resize-by-browser-width vertical-fancy-style loading-effect-none iso-grid description-under-image content-align-left\" data-padding=\"25px\" data-cur-page=\"1\" data-posts-per-page=\"-1\" data-desktop-columns-num=\"3\" data-v-tablet-columns-num=\"3\" data-h-tablet-columns-num=\"3\" data-phone-columns-num=\"1\" data-width=\"370px\" data-columns=\"3\">\n<div class=\"wf-cell\" data-post-id=\"16441\" data-date=\"2023-09-12T16:12:12+00:00\" data-name=\"Newsletter - August 2023\">\n\t<article class=\"post post-16441 type-post status-publish format-standard has-post-thumbnail hentry category-latest-news category-56 description-off\">\n\n\t\t\n\t\t\t<div class=\"blog-media wf-td\">\n\n\t\t\t\t<p><a href=\"https:\/\/prehabilitation.ca\/fr\/newsletter-august-2023\/\" class=\"alignnone rollover layzr-bg\" ><img fetchpriority=\"high\" decoding=\"async\" class=\"preload-me iso-lazy-load aspect\" src=\"data:image\/svg+xml,%3Csvg%20xmlns%3D&#39;http%3A%2F%2Fwww.w3.org%2F2000%2Fsvg&#39;%20viewBox%3D&#39;0%200%20555%20369&#39;%2F%3E\" data-src=\"https:\/\/prehabilitation.ca\/wp-content\/uploads\/sites\/10\/2023\/09\/Picture-555x369.png\" data-srcset=\"https:\/\/prehabilitation.ca\/wp-content\/uploads\/sites\/10\/2023\/09\/Picture-555x369.png 555w, https:\/\/prehabilitation.ca\/wp-content\/uploads\/sites\/10\/2023\/09\/Picture.png 1025w\" loading=\"eager\" style=\"--ratio: 555 \/ 369\" sizes=\"(max-width: 555px) 100vw, 555px\" alt=\"\" title=\"Picture\" width=\"555\" height=\"369\"  \/><\/a><\/p>\n\t\t\t<\/div>\n\n\t\t\n\t\t<div class=\"blog-content wf-td\">\n\t\t\t<h3 class=\"entry-title\"><a href=\"https:\/\/prehabilitation.ca\/fr\/newsletter-august-2023\/\" title=\"Newsletter &#8211; August 2023\" rel=\"bookmark\">Bulletin - Ao\u00fbt\u00a02023<\/a><\/h3>\n\n\t\t\t<p>WHAT\u2019S UP AT POP? Peri Operative Programme P\u00e9ri-Op\u00e9ratoire (POP) Newsletter August 2023 PERI OPERATIVE PROGRAMME P\u00c9RI OP\u00c9RATOIRE (POP) TEAM 2022-2023 PRESIDENT\u2019S REPORT The New MUHC Prehabilitation Clinic: As of October 2021, POP was given the authority by the MUHC to operate as a clinic. The new MUHC clinic is staffed by 3 MUHC employees; 1&hellip;<\/p>\n\n<a href=\"https:\/\/prehabilitation.ca\/fr\/newsletter-august-2023\/\" class=\"details more-link\" aria-label=\"Read more about Newsletter &#8211; August 2023\">D\u00e9tails<\/a>\n\n\t\t<\/div>\n\n\t<\/article>\n\n<\/div>\n<div class=\"wf-cell\" data-post-id=\"16301\" data-date=\"2021-09-13T04:05:51+00:00\" data-name=\"Newsletter - September 2021\">\n\t<article class=\"post post-16301 type-post status-publish format-standard has-post-thumbnail hentry category-latest-news category-56 description-off\">\n\n\t\t\n\t\t\t<div class=\"blog-media wf-td\">\n\n\t\t\t\t<p><a href=\"https:\/\/prehabilitation.ca\/fr\/newsletter-september-2021\/\" class=\"alignnone rollover layzr-bg\" ><img decoding=\"async\" class=\"preload-me iso-lazy-load aspect\" src=\"data:image\/svg+xml,%3Csvg%20xmlns%3D&#39;http%3A%2F%2Fwww.w3.org%2F2000%2Fsvg&#39;%20viewBox%3D&#39;0%200%20555%20370&#39;%2F%3E\" data-src=\"https:\/\/prehabilitation.ca\/wp-content\/uploads\/sites\/10\/2021\/09\/photo-1576091160399-112ba8d25d1d-555x370.webp\" data-srcset=\"https:\/\/prehabilitation.ca\/wp-content\/uploads\/sites\/10\/2021\/09\/photo-1576091160399-112ba8d25d1d-555x370.webp 555w, https:\/\/prehabilitation.ca\/wp-content\/uploads\/sites\/10\/2021\/09\/photo-1576091160399-112ba8d25d1d.webp 1050w\" loading=\"eager\" style=\"--ratio: 555 \/ 370\" sizes=\"(max-width: 555px) 100vw, 555px\" alt=\"\" title=\"photo-1576091160399-112ba8d25d1d\" width=\"555\" height=\"370\"  \/><\/a><\/p>\n\t\t\t<\/div>\n\n\t\t\n\t\t<div class=\"blog-content wf-td\">\n\t\t\t<h3 class=\"entry-title\"><a href=\"https:\/\/prehabilitation.ca\/fr\/newsletter-september-2021\/\" title=\"Newsletter &#8211; September 2021\" rel=\"bookmark\">Bulletin \u2013\u00a0septembre\u00a02021<\/a><\/h3>\n\n\t\t\t<p>Morbi consequat, neque tincidunt auctor mattis, libero augue molestie nulla, at dapibus urna libero nec dolor. Aliquam venenatis magna eu libero finibus malesuada. Aenean hendrerit ante sed turpis interdum consequat. Proin eleifend nulla ac augue ultricies sodales.Nam eget mollis diam. Sed nec felis ut massa volutpat dictum quis id tortor. Maecenas hendrerit, dui quis condimentum eleifend, orci lacus rutrum libero, ac tempus sem justo quis ex. Mauris vestibulum dapibus auctor.<\/p>\n\n<a href=\"https:\/\/prehabilitation.ca\/fr\/newsletter-september-2021\/\" class=\"details more-link\" aria-label=\"Read more about Newsletter &#8211; September 2021\">D\u00e9tails<\/a>\n\n\t\t<\/div>\n\n\t<\/article>\n\n<\/div>\n<div class=\"wf-cell\" data-post-id=\"16073\" data-date=\"2020-12-10T05:05:01+00:00\" data-name=\"Newsletter - September 2020\">\n\t<article class=\"post post-16073 type-post status-publish format-standard has-post-thumbnail hentry category-latest-news category-56 description-off\">\n\n\t\t\n\t\t\t<div class=\"blog-media wf-td\">\n\n\t\t\t\t<p><a href=\"https:\/\/prehabilitation.ca\/fr\/newsletter-september-2020\/\" class=\"alignnone rollover layzr-bg\" ><img decoding=\"async\" class=\"preload-me iso-lazy-load aspect\" src=\"data:image\/svg+xml,%3Csvg%20xmlns%3D&#39;http%3A%2F%2Fwww.w3.org%2F2000%2Fsvg&#39;%20viewBox%3D&#39;0%200%20555%20369&#39;%2F%3E\" data-src=\"https:\/\/prehabilitation.ca\/wp-content\/uploads\/sites\/10\/2020\/12\/Perioperative-program-prehabilitation-canada-newsletter-2020-555x369.jpg\" data-srcset=\"https:\/\/prehabilitation.ca\/wp-content\/uploads\/sites\/10\/2020\/12\/Perioperative-program-prehabilitation-canada-newsletter-2020-555x369.jpg 555w, https:\/\/prehabilitation.ca\/wp-content\/uploads\/sites\/10\/2020\/12\/Perioperative-program-prehabilitation-canada-newsletter-2020-1110x738.jpg 1110w\" loading=\"eager\" style=\"--ratio: 555 \/ 369\" sizes=\"(max-width: 555px) 100vw, 555px\" alt=\"\" title=\"Perioperative program prehabilitation canada newsletter 2020\" width=\"555\" height=\"369\"  \/><\/a><\/p>\n\t\t\t<\/div>\n\n\t\t\n\t\t<div class=\"blog-content wf-td\">\n\t\t\t<h3 class=\"entry-title\"><a href=\"https:\/\/prehabilitation.ca\/fr\/newsletter-september-2020\/\" title=\"Newsletter &#8211; September 2020\" rel=\"bookmark\">Bulletin \u2013\u00a0septembre\u00a02020<\/a><\/h3>\n\n\t\t\t<p>Morbi consequat, neque tincidunt auctor mattis, libero augue molestie nulla, at dapibus urna libero nec dolor. Aliquam venenatis magna eu libero finibus malesuada. Aenean hendrerit ante sed turpis interdum consequat. Proin eleifend nulla ac augue ultricies sodales.Nam eget mollis diam. Sed nec felis ut massa volutpat dictum quis id tortor. Maecenas hendrerit, dui quis condimentum eleifend, orci lacus rutrum libero, ac tempus sem justo quis ex. Mauris vestibulum dapibus auctor.<\/p>\n\n<a href=\"https:\/\/prehabilitation.ca\/fr\/newsletter-september-2020\/\" class=\"details more-link\" aria-label=\"Read more about Newsletter &#8211; September 2020\">D\u00e9tails<\/a>\n\n\t\t<\/div>\n\n\t<\/article>\n\n<\/div><\/div><\/div><\/div><\/div><\/div><\/div>\n<\/div>","protected":false},"excerpt":{"rendered":"<p>Prehabilitation and Enhanced Recovery After Surgery Fellowship is offered by the McGill Department of Anesthesia Fellowship Director: Dr. Janius Tsang Name of Institution: McGill University Health Centre Location: The Montreal General Hospital, Montreal, Quebec, Canada Type of Fellowship: Clinical and Research Fellowship Candidates: Be medical doctors who are graduates of medical schools listed in the&hellip;<\/p>","protected":false},"author":116,"featured_media":0,"parent":0,"menu_order":0,"comment_status":"closed","ping_status":"closed","template":"","meta":{"_monsterinsights_skip_tracking":false,"_monsterinsights_sitenote_active":false,"_monsterinsights_sitenote_note":"","_monsterinsights_sitenote_category":0,"footnotes":""},"yst_prominent_words":[],"class_list":["post-16618","page","type-page","status-publish","hentry","description-off"],"_links":{"self":[{"href":"https:\/\/prehabilitation.ca\/fr\/wp-json\/wp\/v2\/pages\/16618","targetHints":{"allow":["GET"]}}],"collection":[{"href":"https:\/\/prehabilitation.ca\/fr\/wp-json\/wp\/v2\/pages"}],"about":[{"href":"https:\/\/prehabilitation.ca\/fr\/wp-json\/wp\/v2\/types\/page"}],"author":[{"embeddable":true,"href":"https:\/\/prehabilitation.ca\/fr\/wp-json\/wp\/v2\/users\/116"}],"replies":[{"embeddable":true,"href":"https:\/\/prehabilitation.ca\/fr\/wp-json\/wp\/v2\/comments?post=16618"}],"version-history":[{"count":2,"href":"https:\/\/prehabilitation.ca\/fr\/wp-json\/wp\/v2\/pages\/16618\/revisions"}],"predecessor-version":[{"id":16620,"href":"https:\/\/prehabilitation.ca\/fr\/wp-json\/wp\/v2\/pages\/16618\/revisions\/16620"}],"wp:attachment":[{"href":"https:\/\/prehabilitation.ca\/fr\/wp-json\/wp\/v2\/media?parent=16618"}],"wp:term":[{"taxonomy":"yst_prominent_words","embeddable":true,"href":"https:\/\/prehabilitation.ca\/fr\/wp-json\/wp\/v2\/yst_prominent_words?post=16618"}],"curies":[{"name":"wp","href":"https:\/\/api.w.org\/{rel}","templated":true}]}}