{"id":16591,"date":"2024-08-22T18:02:19","date_gmt":"2024-08-22T18:02:19","guid":{"rendered":"https:\/\/prehabilitation.ca\/?page_id=16591"},"modified":"2024-10-02T14:19:40","modified_gmt":"2024-10-02T14:19:40","slug":"home-2","status":"publish","type":"page","link":"https:\/\/prehabilitation.ca\/fr\/","title":{"rendered":"Accueil"},"content":{"rendered":"<div class=\"wpb-content-wrapper\"><div class=\"vc_row wpb_row vc_row-fluid vc_custom_1494490890104 vc_column-gap-30 vc_row-o-equal-height vc_row-flex\"><div class=\"wpb_column vc_column_container vc_col-sm-12 vc_col-lg-offset-0 vc_col-md-offset-0 vc_col-sm-offset-0 vc_col-xs-12\"><div class=\"vc_column-inner\"><div class=\"wpb_wrapper\"><div class=\"vc_row wpb_row vc_inner vc_row-fluid\"><div class=\"wpb_column vc_column_container vc_col-sm-12\"><div class=\"vc_column-inner\"><div class=\"wpb_wrapper\"><div id=\"ultimate-heading-793869e0f251cd957\" class=\"uvc-heading ult-adjust-bottom-margin ultimate-heading-793869e0f251cd957 uvc-507  uvc-heading-default-font-sizes\" data-hspacer=\"no_spacer\"  data-halign=\"center\" style=\"text-align:center\"><div class=\"uvc-heading-spacer no_spacer\" style=\"top\"><\/div><div class=\"uvc-main-heading ult-responsive\"  data-ultimate-target='.uvc-heading.ultimate-heading-793869e0f251cd957 h2'  data-responsive-json-new='{\"font-size\":\"\",\"line-height\":\"\"}' ><h2 style=\"--font-weight:theme;\">Clinique de Pr\u00e9adaptation<\/h2><\/div><\/div>\n\t<div class=\"wpb_text_column wpb_content_element\" >\n\t\t<div class=\"wpb_wrapper\">\n\t\t\t<p><span style=\"font-weight: 400\">La Clinique de pr\u00e9adaptation est un programme clinique innovant bas\u00e9 \u00e0 l'H\u00f4pital g\u00e9n\u00e9ral de Montr\u00e9al. Notre clinique offre des soins pr\u00e9-op\u00e9ratoire aux patients pour un large spectre de chirurgies \u00e9lectives malignes et non malignes, y compris, mais sans s'y limiter, les chirurgies thoraciques, cardiaques, gastro-intestinales et orthop\u00e9diques.<\/span><\/p>\n\n\t\t<\/div>\n\t<\/div>\n<div id=\"ultimate-heading-289669e0f251cdbe7\" class=\"uvc-heading ult-adjust-bottom-margin ultimate-heading-289669e0f251cdbe7 uvc-4639  uvc-heading-default-font-sizes\" data-hspacer=\"no_spacer\"  data-halign=\"center\" style=\"text-align:center\"><div class=\"uvc-heading-spacer no_spacer\" style=\"top\"><\/div><div class=\"uvc-main-heading ult-responsive\"  data-ultimate-target='.uvc-heading.ultimate-heading-289669e0f251cdbe7 h2'  data-responsive-json-new='{\"font-size\":\"\",\"line-height\":\"\"}' ><h2 style=\"--font-weight:theme;\">Qu'est-ce que la pr\u00e9adaptation ?<\/h2><\/div><\/div>\n\t<div class=\"wpb_text_column wpb_content_element\" >\n\t\t<div class=\"wpb_wrapper\">\n\t\t\t<p><span style=\"font-weight: 400\">La pr\u00e9adaptation est un programme con\u00e7u pour aider les patients \u00e0 se pr\u00e9parer \u00e0 l'intervention chirurgicale. Il commence d\u00e8s le diagnostic et comprend des activit\u00e9s telles que l'exercice, des conseils nutritionnels, un soutien psychologique et des exercices de respiration. L'objectif est de renforcer la sant\u00e9 physique et mentale du patient afin qu'il puisse mieux g\u00e9rer le stress de l'op\u00e9ration, am\u00e9liorer son r\u00e9tablissement et les r\u00e9sultats globaux de l'op\u00e9ration.<\/span><\/p>\n\n\t\t<\/div>\n\t<\/div>\n<\/div><\/div><\/div><\/div><div class=\"vc_row wpb_row vc_inner vc_row-fluid vc_row-o-equal-height vc_row-flex\"><div class=\"wpb_column vc_column_container vc_col-sm-6 vc_hidden-lg vc_hidden-md\"><div class=\"vc_column-inner\"><div class=\"wpb_wrapper\">\n\t<div class=\"wpb_text_column wpb_content_element\" >\n\t\t<div class=\"wpb_wrapper\">\n\t\t\t<h3><span style=\"color: #28a7fb\">Explorez le fonctionnement de la Clinique de pr\u00e9adaptation, \u00e9tape par \u00e9tape, de l\u2019orientation du patient par le chirurgien jusqu\u2019\u00e0 l\u2019\u00e9valuation et \u00e0 la recommandation d\u2019interventions multimodales.<\/span><\/h3>\n\n\t\t<\/div>\n\t<\/div>\n\n\t<div class=\"wpb_video_widget wpb_content_element vc_clearfix   vc_video-aspect-ratio-169 vc_video-el-width-100 vc_video-align-left\" >\n\t\t<div class=\"wpb_wrapper\">\n\t\t\t\n\t\t\t<div class=\"wpb_video_wrapper\"><iframe loading=\"lazy\" src=\"https:\/\/player.vimeo.com\/video\/604889812?dnt=1&amp;app_id=122963\" width=\"500\" height=\"281\" frameborder=\"0\" allow=\"autoplay; fullscreen; picture-in-picture; clipboard-write; encrypted-media; web-share\" referrerpolicy=\"strict-origin-when-cross-origin\"><\/iframe><\/div>\n\t\t<\/div>\n\t<\/div>\n<\/div><\/div><\/div><div class=\"wpb_column vc_column_container vc_col-sm-6 vc_hidden-lg vc_hidden-md\"><div class=\"vc_column-inner\"><div class=\"wpb_wrapper\">\n\t<div class=\"wpb_text_column wpb_content_element\" >\n\t\t<div class=\"wpb_wrapper\">\n\t\t\t<h3><span style=\"color: #28a7fb\">Voyez ce que nos chirurgiens et patients pensent de notre clinique de pr\u00e9adaptation et prenez connaissance des nombreux commentaires positifs de patients ayant particip\u00e9 au programme.<\/span><\/h3>\n\n\t\t<\/div>\n\t<\/div>\n\n\t<div class=\"wpb_video_widget wpb_content_element vc_clearfix   vc_video-aspect-ratio-169 vc_video-el-width-100 vc_video-align-left\" >\n\t\t<div class=\"wpb_wrapper\">\n\t\t\t\n\t\t\t<div class=\"wpb_video_wrapper\"><iframe loading=\"lazy\" src=\"https:\/\/player.vimeo.com\/video\/467177394?dnt=1&amp;app_id=122963\" width=\"500\" height=\"281\" frameborder=\"0\" allow=\"autoplay; fullscreen; picture-in-picture; clipboard-write; encrypted-media; web-share\" referrerpolicy=\"strict-origin-when-cross-origin\"><\/iframe><\/div>\n\t\t<\/div>\n\t<\/div>\n<\/div><\/div><\/div><div class=\"wpb_column vc_column_container vc_col-sm-6 vc_hidden-sm vc_hidden-xs\"><div class=\"vc_column-inner\"><div class=\"wpb_wrapper\">\n\t<div class=\"wpb_text_column wpb_content_element\" >\n\t\t<div class=\"wpb_wrapper\">\n\t\t\t<h3><span style=\"color: #28a7fb\">Explorez le fonctionnement de la Clinique de pr\u00e9adaptation, \u00e9tape par \u00e9tape, de l\u2019orientation du patient par le chirurgien jusqu\u2019\u00e0 l\u2019\u00e9valuation et \u00e0 la recommandation d\u2019interventions multimodales.<\/span><\/h3>\n\n\t\t<\/div>\n\t<\/div>\n<\/div><\/div><\/div><div class=\"wpb_column vc_column_container vc_col-sm-6 vc_hidden-sm vc_hidden-xs\"><div class=\"vc_column-inner\"><div class=\"wpb_wrapper\">\n\t<div class=\"wpb_text_column wpb_content_element\" >\n\t\t<div class=\"wpb_wrapper\">\n\t\t\t<h3><span style=\"color: #28a7fb\">Voyez ce que nos chirurgiens et patients pensent de notre clinique de pr\u00e9adaptation et prenez connaissance des nombreux commentaires positifs de patients ayant particip\u00e9 au programme.<\/span><\/h3>\n\n\t\t<\/div>\n\t<\/div>\n<\/div><\/div><\/div><div class=\"wpb_column vc_column_container vc_col-sm-6 vc_hidden-sm vc_hidden-xs\"><div class=\"vc_column-inner\"><div class=\"wpb_wrapper\">\n\t<div class=\"wpb_video_widget wpb_content_element vc_clearfix   vc_video-aspect-ratio-169 vc_video-el-width-100 vc_video-align-left\" >\n\t\t<div class=\"wpb_wrapper\">\n\t\t\t\n\t\t\t<div class=\"wpb_video_wrapper\"><iframe loading=\"lazy\" src=\"https:\/\/player.vimeo.com\/video\/604889812?dnt=1&amp;app_id=122963\" width=\"500\" height=\"281\" frameborder=\"0\" allow=\"autoplay; fullscreen; picture-in-picture; clipboard-write; encrypted-media; web-share\" referrerpolicy=\"strict-origin-when-cross-origin\"><\/iframe><\/div>\n\t\t<\/div>\n\t<\/div>\n<\/div><\/div><\/div><div class=\"wpb_column vc_column_container vc_col-sm-6 vc_hidden-sm vc_hidden-xs\"><div class=\"vc_column-inner\"><div class=\"wpb_wrapper\">\n\t<div class=\"wpb_video_widget wpb_content_element vc_clearfix   vc_video-aspect-ratio-169 vc_video-el-width-100 vc_video-align-left\" >\n\t\t<div class=\"wpb_wrapper\">\n\t\t\t\n\t\t\t<div class=\"wpb_video_wrapper\"><iframe loading=\"lazy\" src=\"https:\/\/player.vimeo.com\/video\/467177394?dnt=1&amp;app_id=122963\" width=\"500\" height=\"281\" frameborder=\"0\" allow=\"autoplay; fullscreen; picture-in-picture; clipboard-write; encrypted-media; web-share\" referrerpolicy=\"strict-origin-when-cross-origin\"><\/iframe><\/div>\n\t\t<\/div>\n\t<\/div>\n<\/div><\/div><\/div><\/div><div id=\"ultimate-heading-546069e0f251d0487\" class=\"uvc-heading ult-adjust-bottom-margin ultimate-heading-546069e0f251d0487 uvc-4785  uvc-heading-default-font-sizes\" data-hspacer=\"no_spacer\"  data-halign=\"center\" style=\"text-align:center\"><div class=\"uvc-heading-spacer no_spacer\" style=\"top\"><\/div><div class=\"uvc-sub-heading ult-responsive\"  data-ultimate-target='.uvc-heading.ultimate-heading-546069e0f251d0487 .uvc-sub-heading '  data-responsive-json-new='{\"font-size\":\"\",\"line-height\":\"\"}'  style=\"font-weight:normal;\"><\/p>\n<h2><strong><a href=\"\/fr\/clinical-program\/\">D\u00e9couvrez notre programme clinique<\/a><\/strong><\/h2>\n<p><\/div><\/div><div id=\"ultimate-heading-517169e0f251d04d2\" class=\"uvc-heading ult-adjust-bottom-margin ultimate-heading-517169e0f251d04d2 uvc-9585  uvc-heading-default-font-sizes\" data-hspacer=\"no_spacer\"  data-halign=\"center\" style=\"text-align:center\"><div class=\"uvc-heading-spacer no_spacer\" style=\"top\"><\/div><div class=\"uvc-sub-heading ult-responsive\"  data-ultimate-target='.uvc-heading.ultimate-heading-517169e0f251d04d2 .uvc-sub-heading '  data-responsive-json-new='{\"font-size\":\"\",\"line-height\":\"\"}'  style=\"font-weight:normal;\"><\/p>\n<h2><a href=\"\/fr\/practitioner-information\/\"><strong>Informations pour les professionnels<\/strong><\/a><\/h2>\n<p><\/div><\/div><div id=\"ultimate-heading-47569e0f251d0505\" class=\"uvc-heading ult-adjust-bottom-margin ultimate-heading-47569e0f251d0505 uvc-1400  uvc-heading-default-font-sizes\" data-hspacer=\"no_spacer\"  data-halign=\"center\" style=\"text-align:center\"><div class=\"uvc-heading-spacer no_spacer\" style=\"top\"><\/div><div class=\"uvc-sub-heading ult-responsive\"  data-ultimate-target='.uvc-heading.ultimate-heading-47569e0f251d0505 .uvc-sub-heading '  data-responsive-json-new='{\"font-size\":\"\",\"line-height\":\"\"}'  style=\"font-weight:normal;\"><\/p>\n<h2><a href=\"https:\/\/prehabilitation.ca\/fr\/patients\/\"><strong>Guide du patient et t\u00e9moignages<\/strong><\/a><\/h2>\n<p><\/div><\/div><div id=\"ultimate-heading-916169e0f251d0534\" class=\"uvc-heading ult-adjust-bottom-margin ultimate-heading-916169e0f251d0534 uvc-4418  uvc-heading-default-font-sizes\" data-hspacer=\"no_spacer\"  data-halign=\"center\" style=\"text-align:center\"><div class=\"uvc-heading-spacer no_spacer\" style=\"top\"><\/div><div class=\"uvc-sub-heading ult-responsive\"  data-ultimate-target='.uvc-heading.ultimate-heading-916169e0f251d0534 .uvc-sub-heading '  data-responsive-json-new='{\"font-size\":\"\",\"line-height\":\"\"}'  style=\"font-weight:normal;\"><\/p>\n<h2><strong><a href=\"\/fr\/contact\/\">Nous contacter<\/a><\/strong><\/h2>\n<p><\/div><\/div><\/div><\/div><\/div><\/div><!-- Row Backgrounds --><div class=\"upb_color\" data-bg-override=\"ex-full\" data-bg-color=\"#f4f4f4\" data-fadeout=\"\" data-fadeout-percentage=\"30\" data-parallax-content=\"\" data-parallax-content-sense=\"30\" data-row-effect-mobile-disable=\"true\" data-img-parallax-mobile-disable=\"true\" data-rtl=\"false\"  data-custom-vc-row=\"\"  data-vc=\"8.7.2\"  data-is_old_vc=\"\"  data-theme-support=\"\"   data-overlay=\"false\" data-overlay-color=\"\" data-overlay-pattern=\"\" data-overlay-pattern-opacity=\"\" data-overlay-pattern-size=\"\"    ><\/div><div class=\"vc_row wpb_row vc_row-fluid vc_custom_1461851167541\"><div class=\"wpb_column vc_column_container vc_col-sm-8 vc_col-lg-offset-2 vc_col-md-offset-2 vc_col-sm-offset-2\"><div class=\"vc_column-inner\"><div class=\"wpb_wrapper\"><div id=\"ultimate-heading-413069e0f251d1bc5\" class=\"uvc-heading ult-adjust-bottom-margin ultimate-heading-413069e0f251d1bc5 uvc-7065  uvc-heading-default-font-sizes\" data-hspacer=\"no_spacer\"  data-halign=\"center\" style=\"text-align:center\"><div class=\"uvc-heading-spacer no_spacer\" style=\"top\"><\/div><div class=\"uvc-main-heading ult-responsive\"  data-ultimate-target='.uvc-heading.ultimate-heading-413069e0f251d1bc5 h1'  data-responsive-json-new='{\"font-size\":\"\",\"line-height\":\"\"}' ><h1 style=\"font-weight:bold;\">Derni\u00e8res nouvelles et \u00e9v\u00e9nements<\/h1><\/div><div class=\"uvc-sub-heading ult-responsive\"  data-ultimate-target='.uvc-heading.ultimate-heading-413069e0f251d1bc5 .uvc-sub-heading '  data-responsive-json-new='{\"font-size\":\"desktop:18px;\",\"line-height\":\"desktop:28px;\"}'  style=\"font-weight:normal;color:#9a9a9a;margin-top:20px;margin-bottom:60px;\">Visitez le site Prehabilitation.ca pour vous tenir au courant des derni\u00e8res nouvelles, des \u00e9v\u00e9nements et consulter les mises \u00e0 jour<\/div><\/div><\/div><\/div><\/div><div class=\"wpb_column vc_column_container vc_col-sm-12\"><div class=\"vc_column-inner\"><div class=\"wpb_wrapper\">\n<div class=\"vc_grid-container-wrapper vc_clearfix vc_grid-animation-fadeIn\">\n\t<div class=\"vc_grid-container vc_clearfix wpb_content_element vc_basic_grid\" data-initial-loading-animation=\"fadeIn\" data-vc-grid-settings=\"{&quot;page_id&quot;:16591,&quot;style&quot;:&quot;all&quot;,&quot;action&quot;:&quot;vc_get_vc_grid_data&quot;,&quot;shortcode_id&quot;:&quot;1727878698327-fd62181b5967d2421ea02223786e2fdc-9&quot;,&quot;tag&quot;:&quot;vc_basic_grid&quot;}\" data-vc-request=\"https:\/\/prehabilitation.ca\/wp-admin\/admin-ajax.php\" data-vc-post-id=\"16591\" data-vc-public-nonce=\"fcf178dbe7\">\n\t\t<style data-type=\"vc_shortcodes-custom-css\">.vc_custom_1419240516480{background-color: #f9f9f9 !important;}<\/style><div class=\"vc_grid vc_row vc_grid-gutter-30px vc_pageable-wrapper vc_hook_hover\" data-vc-pageable-content=\"true\"><div class=\"vc_pageable-slide-wrapper vc_clearfix\" data-vc-grid-content=\"true\"><div class=\"vc_grid-item vc_clearfix vc_col-sm-4 vc_grid-item-zone-c-bottom\"><div class=\"vc_grid-item-mini vc_clearfix\"><div class=\"vc_gitem-animated-block\" ><div class=\"vc_gitem-zone vc_gitem-zone-a vc-gitem-zone-height-mode-auto vc-gitem-zone-height-mode-auto-1-1 vc_gitem-is-link\" style=\"background-image: url('https:\/\/prehabilitation.ca\/wp-content\/uploads\/sites\/10\/2023\/09\/Picture.png') !important;\"><a href=\"https:\/\/prehabilitation.ca\/fr\/newsletter-august-2023\/\" title=\"Newsletter &#8211; August 2023\" class=\"vc_gitem-link vc-zone-link\" ><\/a><img decoding=\"async\" class=\"vc_gitem-zone-img\" src=\"https:\/\/prehabilitation.ca\/wp-content\/uploads\/sites\/10\/2023\/09\/Picture.png\" alt=\"Newsletter - August 2023\" loading=\"lazy\"><div class=\"vc_gitem-zone-mini\"><\/div><\/div><\/div><div class=\"vc_gitem-zone vc_gitem-zone-c vc_custom_1419240516480\"><div class=\"vc_gitem-zone-mini\"><div class=\"vc_gitem_row vc_row vc_gitem-row-position-top\"><div class=\"vc_col-sm-12 vc_gitem-col vc_gitem-col-align-\"><div class=\"vc_custom_heading vc_gitem-post-data vc_gitem-post-data-source-post_title\" ><h4 style=\"text-align: left\" >Bulletin - Ao\u00fbt\u00a02023<\/h4><\/div><div class=\"vc_custom_heading vc_gitem-post-data vc_gitem-post-data-source-post_excerpt\" ><p style=\"text-align: left\" ><p>WHAT\u2019S UP AT POP? Peri Operative Programme P\u00e9ri-Op\u00e9ratoire (POP) Newsletter August 2023 PERI OPERATIVE PROGRAMME P\u00c9RI OP\u00c9RATOIRE (POP) TEAM 2022-2023 PRESIDENT\u2019S REPORT The New MUHC Prehabilitation Clinic: As of October 2021, POP was given the authority by the MUHC to operate as a clinic. The new MUHC clinic is staffed by 3 MUHC employees; 1&hellip;<\/p>\n<\/p><\/div><div class=\"vc_btn3-container vc_btn3-left\"><a class=\"vc_general vc_btn3 vc_btn3-size-md vc_btn3-shape-rounded vc_btn3-style-flat vc_btn3-color-juicy-pink\" a href=\"https:\/\/prehabilitation.ca\/fr\/newsletter-august-2023\/\" title=\"Lire plus\">Lire plus<\/a><\/div><\/div><\/div><\/div><\/div><\/div><div class=\"vc_clearfix\"><\/div><\/div><div class=\"vc_grid-item vc_clearfix vc_col-sm-4 vc_grid-item-zone-c-bottom\"><div class=\"vc_grid-item-mini vc_clearfix\"><div class=\"vc_gitem-animated-block\" ><div class=\"vc_gitem-zone vc_gitem-zone-a vc-gitem-zone-height-mode-auto vc-gitem-zone-height-mode-auto-1-1 vc_gitem-is-link\" style=\"background-image: url('https:\/\/prehabilitation.ca\/wp-content\/uploads\/sites\/10\/2021\/09\/photo-1576091160399-112ba8d25d1d-1024x683.webp') !important;\"><a href=\"https:\/\/prehabilitation.ca\/fr\/newsletter-september-2021\/\" title=\"Newsletter &#8211; September 2021\" class=\"vc_gitem-link vc-zone-link\" ><\/a><img decoding=\"async\" class=\"vc_gitem-zone-img\" src=\"https:\/\/prehabilitation.ca\/wp-content\/uploads\/sites\/10\/2021\/09\/photo-1576091160399-112ba8d25d1d-1024x683.webp\" alt=\"Morbi consequat, neque tincidunt auctor mattis, libero augue molestie nulla, at dapibus urna libero nec dolor. Aliquam venenatis magna eu libero finibus malesuada. Aenean hendrerit ante sed turpis interdum consequat. Proin eleifend nulla ac augue ultricies sodales.Nam eget mollis diam. Sed nec felis ut massa volutpat dictum quis id tortor. Maecenas hendrerit, dui quis condimentum eleifend, orci lacus rutrum libero, ac tempus sem justo quis ex. Mauris vestibulum dapibus auctor.\" loading=\"lazy\"><div class=\"vc_gitem-zone-mini\"><\/div><\/div><\/div><div class=\"vc_gitem-zone vc_gitem-zone-c vc_custom_1419240516480\"><div class=\"vc_gitem-zone-mini\"><div class=\"vc_gitem_row vc_row vc_gitem-row-position-top\"><div class=\"vc_col-sm-12 vc_gitem-col vc_gitem-col-align-\"><div class=\"vc_custom_heading vc_gitem-post-data vc_gitem-post-data-source-post_title\" ><h4 style=\"text-align: left\" >Bulletin \u2013\u00a0septembre\u00a02021<\/h4><\/div><div class=\"vc_custom_heading vc_gitem-post-data vc_gitem-post-data-source-post_excerpt\" ><p style=\"text-align: left\" ><p>Morbi consequat, neque tincidunt auctor mattis, libero augue molestie nulla, at dapibus urna libero nec dolor. Aliquam venenatis magna eu libero finibus malesuada. Aenean hendrerit ante sed turpis interdum consequat. Proin eleifend nulla ac augue ultricies sodales.Nam eget mollis diam. Sed nec felis ut massa volutpat dictum quis id tortor. Maecenas hendrerit, dui quis condimentum eleifend, orci lacus rutrum libero, ac tempus sem justo quis ex. Mauris vestibulum dapibus auctor.<\/p>\n<\/p><\/div><div class=\"vc_btn3-container vc_btn3-left\"><a class=\"vc_general vc_btn3 vc_btn3-size-md vc_btn3-shape-rounded vc_btn3-style-flat vc_btn3-color-juicy-pink\" a href=\"https:\/\/prehabilitation.ca\/fr\/newsletter-september-2021\/\" title=\"Lire plus\">Lire plus<\/a><\/div><\/div><\/div><\/div><\/div><\/div><div class=\"vc_clearfix\"><\/div><\/div><div class=\"vc_grid-item vc_clearfix vc_col-sm-4 vc_grid-item-zone-c-bottom\"><div class=\"vc_grid-item-mini vc_clearfix\"><div class=\"vc_gitem-animated-block\" ><div class=\"vc_gitem-zone vc_gitem-zone-a vc-gitem-zone-height-mode-auto vc-gitem-zone-height-mode-auto-1-1 vc_gitem-is-link\" style=\"background-image: url('https:\/\/prehabilitation.ca\/wp-content\/uploads\/sites\/10\/2020\/12\/Perioperative-program-prehabilitation-canada-newsletter-2020-1024x681.jpg') !important;\"><a href=\"https:\/\/prehabilitation.ca\/fr\/newsletter-september-2020\/\" title=\"Newsletter &#8211; September 2020\" class=\"vc_gitem-link vc-zone-link\" ><\/a><img decoding=\"async\" class=\"vc_gitem-zone-img\" src=\"https:\/\/prehabilitation.ca\/wp-content\/uploads\/sites\/10\/2020\/12\/Perioperative-program-prehabilitation-canada-newsletter-2020-1024x681.jpg\" alt=\"Morbi consequat, neque tincidunt auctor mattis, libero augue molestie nulla, at dapibus urna libero nec dolor. Aliquam venenatis magna eu libero finibus malesuada. Aenean hendrerit ante sed turpis interdum consequat. Proin eleifend nulla ac augue ultricies sodales.Nam eget mollis diam. Sed nec felis ut massa volutpat dictum quis id tortor. Maecenas hendrerit, dui quis condimentum eleifend, orci lacus rutrum libero, ac tempus sem justo quis ex. Mauris vestibulum dapibus auctor.\" loading=\"lazy\"><div class=\"vc_gitem-zone-mini\"><\/div><\/div><\/div><div class=\"vc_gitem-zone vc_gitem-zone-c vc_custom_1419240516480\"><div class=\"vc_gitem-zone-mini\"><div class=\"vc_gitem_row vc_row vc_gitem-row-position-top\"><div class=\"vc_col-sm-12 vc_gitem-col vc_gitem-col-align-\"><div class=\"vc_custom_heading vc_gitem-post-data vc_gitem-post-data-source-post_title\" ><h4 style=\"text-align: left\" >Bulletin \u2013\u00a0septembre\u00a02020<\/h4><\/div><div class=\"vc_custom_heading vc_gitem-post-data vc_gitem-post-data-source-post_excerpt\" ><p style=\"text-align: left\" ><p>Morbi consequat, neque tincidunt auctor mattis, libero augue molestie nulla, at dapibus urna libero nec dolor. Aliquam venenatis magna eu libero finibus malesuada. Aenean hendrerit ante sed turpis interdum consequat. Proin eleifend nulla ac augue ultricies sodales.Nam eget mollis diam. Sed nec felis ut massa volutpat dictum quis id tortor. Maecenas hendrerit, dui quis condimentum eleifend, orci lacus rutrum libero, ac tempus sem justo quis ex. Mauris vestibulum dapibus auctor.<\/p>\n<\/p><\/div><div class=\"vc_btn3-container vc_btn3-left\"><a class=\"vc_general vc_btn3 vc_btn3-size-md vc_btn3-shape-rounded vc_btn3-style-flat vc_btn3-color-juicy-pink\" a href=\"https:\/\/prehabilitation.ca\/fr\/newsletter-september-2020\/\" title=\"Lire plus\">Lire plus<\/a><\/div><\/div><\/div><\/div><\/div><\/div><div class=\"vc_clearfix\"><\/div><\/div><\/div><\/div>\n\t<\/div>\n<\/div><\/div><\/div><\/div><\/div>\n<\/div>","protected":false},"excerpt":{"rendered":"<p>Prehabilitation Clinic The Prehabilitation Clinic is an innovative clinical program based at the Montreal General Hospital. Our clinic provides presurgical patient care for a wide range of malignant and non-malignant elective surgeries, including but not limited to thoracic, cardiac, gastrointestinal, and orthopedic. What is Prehabilitation Prehabilitation is a program designed to help patients prepare for&hellip;<\/p>","protected":false},"author":116,"featured_media":0,"parent":0,"menu_order":0,"comment_status":"closed","ping_status":"closed","template":"","meta":{"_monsterinsights_skip_tracking":false,"_monsterinsights_sitenote_active":false,"_monsterinsights_sitenote_note":"","_monsterinsights_sitenote_category":0,"footnotes":""},"yst_prominent_words":[],"class_list":["post-16591","page","type-page","status-publish","hentry","description-off"],"_links":{"self":[{"href":"https:\/\/prehabilitation.ca\/fr\/wp-json\/wp\/v2\/pages\/16591","targetHints":{"allow":["GET"]}}],"collection":[{"href":"https:\/\/prehabilitation.ca\/fr\/wp-json\/wp\/v2\/pages"}],"about":[{"href":"https:\/\/prehabilitation.ca\/fr\/wp-json\/wp\/v2\/types\/page"}],"author":[{"embeddable":true,"href":"https:\/\/prehabilitation.ca\/fr\/wp-json\/wp\/v2\/users\/116"}],"replies":[{"embeddable":true,"href":"https:\/\/prehabilitation.ca\/fr\/wp-json\/wp\/v2\/comments?post=16591"}],"version-history":[{"count":9,"href":"https:\/\/prehabilitation.ca\/fr\/wp-json\/wp\/v2\/pages\/16591\/revisions"}],"predecessor-version":[{"id":16675,"href":"https:\/\/prehabilitation.ca\/fr\/wp-json\/wp\/v2\/pages\/16591\/revisions\/16675"}],"wp:attachment":[{"href":"https:\/\/prehabilitation.ca\/fr\/wp-json\/wp\/v2\/media?parent=16591"}],"wp:term":[{"taxonomy":"yst_prominent_words","embeddable":true,"href":"https:\/\/prehabilitation.ca\/fr\/wp-json\/wp\/v2\/yst_prominent_words?post=16591"}],"curies":[{"name":"wp","href":"https:\/\/api.w.org\/{rel}","templated":true}]}}