{"id":16497,"date":"2024-04-17T17:42:29","date_gmt":"2024-04-17T17:42:29","guid":{"rendered":"https:\/\/prehabilitation.ca\/?page_id=16497"},"modified":"2024-10-02T15:06:24","modified_gmt":"2024-10-02T15:06:24","slug":"research-team","status":"publish","type":"page","link":"https:\/\/prehabilitation.ca\/fr\/about-us\/research-team\/","title":{"rendered":"\u00c9quipe de recherche"},"content":{"rendered":"<div class=\"wpb-content-wrapper\"><div class=\"vc_row wpb_row vc_row-fluid vc_custom_1713470895970\"><div class=\"column-worker wpb_column vc_column_container vc_col-sm-4\"><div class=\"vc_column-inner vc_custom_1713791171637\"><div class=\"wpb_wrapper\">\n\t<div  class=\"wpb_single_image wpb_content_element vc_align_center\">\n\t\t\n\t\t<figure class=\"wpb_wrapper vc_figure\">\n\t\t\t<div class=\"vc_single_image-wrapper   vc_box_border_grey\"><img loading=\"lazy\" decoding=\"async\" width=\"300\" height=\"300\" src=\"https:\/\/prehabilitation.ca\/wp-content\/uploads\/sites\/10\/2024\/04\/chelsia-300x300.webp\" class=\"vc_single_image-img attachment-medium\" alt=\"Chelsia\" title=\"chelsia\" srcset=\"https:\/\/prehabilitation.ca\/wp-content\/uploads\/sites\/10\/2024\/04\/chelsia-300x300.webp 300w, https:\/\/prehabilitation.ca\/wp-content\/uploads\/sites\/10\/2024\/04\/chelsia-150x150.webp 150w, https:\/\/prehabilitation.ca\/wp-content\/uploads\/sites\/10\/2024\/04\/chelsia-12x12.webp 12w, https:\/\/prehabilitation.ca\/wp-content\/uploads\/sites\/10\/2024\/04\/chelsia.webp 768w\" sizes=\"auto, (max-width: 300px) 100vw, 300px\"  data-dt-location=\"https:\/\/prehabilitation.ca\/fr\/about-us\/research-team\/chelsia\/\" \/><\/div>\n\t\t<\/figure>\n\t<\/div>\n<div class=\"vc_row wpb_row vc_inner vc_row-fluid\"><div class=\"text-and-email wpb_column vc_column_container vc_col-sm-12\"><div class=\"vc_column-inner\"><div class=\"wpb_wrapper\">\n\t<div class=\"wpb_text_column wpb_content_element\" >\n\t\t<div class=\"wpb_wrapper\">\n\t\t\t<p><strong>Dr. Chelsia Gillis, PhD<\/strong><br \/>\nDirector of Perioperative Medical Research<\/p>\n\n\t\t<\/div>\n\t<\/div>\n<div class=\"vc_icon_element vc_icon_element-outer vc_do_icon vc_icon_element-align-center\"><div class=\"vc_icon_element-inner vc_icon_element-color-custom vc_icon_element-size-md vc_icon_element-style- vc_icon_element-background-color-grey\" ><span class=\"vc_icon_element-icon fas fa-envelope\" style=\"color:#0078c8 !important\"><\/span><a class=\"vc_icon_element-link\" href=\"mailto:chelsia.gillis@mcgill.ca\"  title=\"\" target=\"_blank\"><\/a><\/div><\/div><\/div><\/div><\/div><\/div><div  class=\"vc_do_toggle vc_toggle vc_toggle_default vc_toggle_color_black  vc_toggle_size_md   bio-text vc_custom_1713380466351\"><div class=\"vc_toggle_title\"><h4>Biography<\/h4><i class=\"vc_toggle_icon\"><\/i><\/div><div class=\"vc_toggle_content\"><div style=\"text-align: center\">\n<p>Chelsia Gillis est professeure adjointe \u00e0 l'\u00c9cole de nutrition humaine, avec des nominations associ\u00e9es en anesth\u00e9sie et en chirurgie, \u00e0 l'Universit\u00e9 McGill. Elle est titulaire d'un doctorat en \u00e9pid\u00e9miologie, di\u00e9t\u00e9ticienne agr\u00e9\u00e9e, boursi\u00e8re canadienne Vanier et clinicienne agr\u00e9\u00e9e en soutien nutritionnel. L'initiative de recherche du Dr Gillis se concentre sur l'am\u00e9lioration des r\u00e9sultats pour les patients en chirurgie en d\u00e9veloppant des connaissances fond\u00e9es sur des preuves et en appliquant ces connaissances dans des environnements cliniques afin d'am\u00e9liorer les services de soins de sant\u00e9 \u00e0 travers le Canada. Ses recherches portent sur la pr\u00e9adaptation, l'am\u00e9lioration de la r\u00e9cup\u00e9ration apr\u00e8s la chirurgie, le m\u00e9tabolisme chirurgical et l'engagement des patients.\n<\/p><\/div>\n<\/div><\/div><\/div><\/div><\/div><div class=\"column-worker wpb_column vc_column_container vc_col-sm-4\"><div class=\"vc_column-inner vc_custom_1713791178863\"><div class=\"wpb_wrapper\">\n\t<div class=\"wpb_text_column wpb_content_element\" >\n\t\t<div class=\"wpb_wrapper\">\n\t\t\t<p><strong>Associ\u00e9s de recherche :<\/strong><br \/>\nDr. Amal Bessissow<br \/>\nDr. Amine Benmassaoud<br \/>\nDr. Stephanie Chevalier<br \/>\nDr. Heather Gill<br \/>\nDr. Jonathan Cools-Lartigue<\/p>\n\n\t\t<\/div>\n\t<\/div>\n<\/div><\/div><\/div><\/div><div class=\"vc_row wpb_row vc_row-fluid\"><div class=\"wpb_column vc_column_container vc_col-sm-12\"><div class=\"vc_column-inner\"><div class=\"wpb_wrapper\">\n\t<div class=\"wpb_text_column wpb_content_element\" >\n\t\t<div class=\"wpb_wrapper\">\n\t\t\t<h2 style=\"text-align: center\"><b>Graduate Students and Clinical Research Fellows<\/b><\/h2>\n\n\t\t<\/div>\n\t<\/div>\n\n\t<div class=\"wpb_text_column wpb_content_element\" >\n\t\t<div class=\"wpb_wrapper\">\n\t\t\t<h3 style=\"text-align: center\"><span style=\"font-weight: 400\">Clinical Research Fellows under the supervision of Dr. Francesco Carli<\/span><\/h3>\n\n\t\t<\/div>\n\t<\/div>\n<\/div><\/div><\/div><\/div><div class=\"vc_row wpb_row vc_row-fluid vc_custom_1713470527961\"><div class=\"column-worker column-worker-second-row wpb_column vc_column_container vc_col-sm-4\"><div class=\"vc_column-inner vc_custom_1713884247099\"><div class=\"wpb_wrapper\">\n\t<div  class=\"wpb_single_image wpb_content_element vc_align_center\">\n\t\t\n\t\t<figure class=\"wpb_wrapper vc_figure\">\n\t\t\t<div class=\"vc_single_image-wrapper   vc_box_border_grey\"><img loading=\"lazy\" decoding=\"async\" width=\"300\" height=\"300\" src=\"https:\/\/prehabilitation.ca\/wp-content\/uploads\/sites\/10\/2024\/04\/pic_.webp\" class=\"vc_single_image-img attachment-medium\" alt=\"No avatar\" title=\"pic_\" srcset=\"https:\/\/prehabilitation.ca\/wp-content\/uploads\/sites\/10\/2024\/04\/pic_.webp 300w, https:\/\/prehabilitation.ca\/wp-content\/uploads\/sites\/10\/2024\/04\/pic_-150x150.webp 150w, https:\/\/prehabilitation.ca\/wp-content\/uploads\/sites\/10\/2024\/04\/pic_-12x12.webp 12w\" sizes=\"auto, (max-width: 300px) 100vw, 300px\"  data-dt-location=\"https:\/\/prehabilitation.ca\/fr\/about-us\/research-team\/pic_\/\" \/><\/div>\n\t\t<\/figure>\n\t<\/div>\n<div class=\"vc_row wpb_row vc_inner vc_row-fluid\"><div class=\"text-and-email wpb_column vc_column_container vc_col-sm-12\"><div class=\"vc_column-inner\"><div class=\"wpb_wrapper\">\n\t<div class=\"wpb_text_column wpb_content_element\" >\n\t\t<div class=\"wpb_wrapper\">\n\t\t\t<p><strong>Ah-Reum Cho, MD, Ph.D.<\/strong><br \/>\nAnesthesiologist<br \/>\n<\/br><\/p>\n\n\t\t<\/div>\n\t<\/div>\n<\/div><\/div><\/div><\/div><div  class=\"vc_do_toggle vc_toggle vc_toggle_default vc_toggle_color_black  vc_toggle_size_md   bio-text vc_custom_1713881124354\"><div class=\"vc_toggle_title\"><h4>Info<\/h4><i class=\"vc_toggle_icon\"><\/i><\/div><div class=\"vc_toggle_content\"><div style=\"text-align: center;\">\n<p>Project title: \u201cThe effects of multimodal prehabilitation on postoperative outcomes in lung cancer surgery: a retrospective cohort study\u201d<\/p>\n<\/div>\n<\/div><\/div><\/div><\/div><\/div><div class=\"column-worker column-worker-second-row wpb_column vc_column_container vc_col-sm-4\"><div class=\"vc_column-inner vc_custom_1713884256685\"><div class=\"wpb_wrapper\">\n\t<div  class=\"wpb_single_image wpb_content_element vc_align_center\">\n\t\t\n\t\t<figure class=\"wpb_wrapper vc_figure\">\n\t\t\t<div class=\"vc_single_image-wrapper   vc_box_border_grey\"><img loading=\"lazy\" decoding=\"async\" width=\"300\" height=\"300\" src=\"https:\/\/prehabilitation.ca\/wp-content\/uploads\/sites\/10\/2024\/04\/pic_.webp\" class=\"vc_single_image-img attachment-medium\" alt=\"No avatar\" title=\"pic_\" srcset=\"https:\/\/prehabilitation.ca\/wp-content\/uploads\/sites\/10\/2024\/04\/pic_.webp 300w, https:\/\/prehabilitation.ca\/wp-content\/uploads\/sites\/10\/2024\/04\/pic_-150x150.webp 150w, https:\/\/prehabilitation.ca\/wp-content\/uploads\/sites\/10\/2024\/04\/pic_-12x12.webp 12w\" sizes=\"auto, (max-width: 300px) 100vw, 300px\"  data-dt-location=\"https:\/\/prehabilitation.ca\/fr\/about-us\/research-team\/pic_\/\" \/><\/div>\n\t\t<\/figure>\n\t<\/div>\n<div class=\"vc_row wpb_row vc_inner vc_row-fluid\"><div class=\"text-and-email wpb_column vc_column_container vc_col-sm-12\"><div class=\"vc_column-inner\"><div class=\"wpb_wrapper\">\n\t<div class=\"wpb_text_column wpb_content_element\" >\n\t\t<div class=\"wpb_wrapper\">\n\t\t\t<p><strong>Wariya Vongchaiudomchoke, MD, MSc Student<\/strong><br \/>\nAnesthesiologist<\/p>\n\n\t\t<\/div>\n\t<\/div>\n<\/div><\/div><\/div><\/div><div  class=\"vc_do_toggle vc_toggle vc_toggle_default vc_toggle_color_black  vc_toggle_size_md   bio-text vc_custom_1713881176506\"><div class=\"vc_toggle_title\"><h4>Info<\/h4><i class=\"vc_toggle_icon\"><\/i><\/div><div class=\"vc_toggle_content\"><div style=\"text-align: center;\">\n<p>Project title: &#8220;The effect of multimodal prehabilitation on muscle quantity and quality in cancer patients&#8221;<\/p>\n<\/div>\n<\/div><\/div><\/div><\/div><\/div><\/div><div class=\"vc_row wpb_row vc_row-fluid\"><div class=\"wpb_column vc_column_container vc_col-sm-12\"><div class=\"vc_column-inner\"><div class=\"wpb_wrapper\">\n\t<div class=\"wpb_text_column wpb_content_element\" >\n\t\t<div class=\"wpb_wrapper\">\n\t\t\t<h3 style=\"text-align: center\"><span style=\"font-weight: 400\">Clinical Research Fellows under the supervision of Dr. Chelsia Gillis<\/span><\/h3>\n\n\t\t<\/div>\n\t<\/div>\n<\/div><\/div><\/div><\/div><div class=\"vc_row wpb_row vc_row-fluid\"><div class=\"column-worker column-worker-third-row wpb_column vc_column_container vc_col-sm-4\"><div class=\"vc_column-inner vc_custom_1713884116436\"><div class=\"wpb_wrapper\">\n\t<div  class=\"wpb_single_image wpb_content_element vc_align_center\">\n\t\t\n\t\t<figure class=\"wpb_wrapper vc_figure\">\n\t\t\t<div class=\"vc_single_image-wrapper   vc_box_border_grey\"><img loading=\"lazy\" decoding=\"async\" width=\"300\" height=\"300\" src=\"https:\/\/prehabilitation.ca\/wp-content\/uploads\/sites\/10\/2024\/04\/pic_.webp\" class=\"vc_single_image-img attachment-medium\" alt=\"No avatar\" title=\"pic_\" srcset=\"https:\/\/prehabilitation.ca\/wp-content\/uploads\/sites\/10\/2024\/04\/pic_.webp 300w, https:\/\/prehabilitation.ca\/wp-content\/uploads\/sites\/10\/2024\/04\/pic_-150x150.webp 150w, https:\/\/prehabilitation.ca\/wp-content\/uploads\/sites\/10\/2024\/04\/pic_-12x12.webp 12w\" sizes=\"auto, (max-width: 300px) 100vw, 300px\"  data-dt-location=\"https:\/\/prehabilitation.ca\/fr\/about-us\/research-team\/pic_\/\" \/><\/div>\n\t\t<\/figure>\n\t<\/div>\n<div class=\"vc_row wpb_row vc_inner vc_row-fluid\"><div class=\"text-and-email wpb_column vc_column_container vc_col-sm-12\"><div class=\"vc_column-inner\"><div class=\"wpb_wrapper\">\n\t<div class=\"wpb_text_column wpb_content_element\" >\n\t\t<div class=\"wpb_wrapper\">\n\t\t\t<p><strong>Katia Bourganos, MSc Student<\/strong><\/p>\n\n\t\t<\/div>\n\t<\/div>\n<\/div><\/div><\/div><\/div><div  class=\"vc_do_toggle vc_toggle vc_toggle_default vc_toggle_color_black  vc_toggle_size_md   bio-text vc_custom_1713881285350\"><div class=\"vc_toggle_title\"><h4>Info<\/h4><i class=\"vc_toggle_icon\"><\/i><\/div><div class=\"vc_toggle_content\"><div style=\"text-align: center;\">\n<p>Project title: &#8220;Prehabilitation and patient-oriented care: A mixed methods study to promote a positive culture of healing&#8221;<\/p>\n<\/div>\n<\/div><\/div><\/div><\/div><\/div><div class=\"column-worker column-worker-third-row wpb_column vc_column_container vc_col-sm-4\"><div class=\"vc_column-inner vc_custom_1713884127164\"><div class=\"wpb_wrapper\">\n\t<div  class=\"wpb_single_image wpb_content_element vc_align_center\">\n\t\t\n\t\t<figure class=\"wpb_wrapper vc_figure\">\n\t\t\t<div class=\"vc_single_image-wrapper   vc_box_border_grey\"><img loading=\"lazy\" decoding=\"async\" width=\"300\" height=\"300\" src=\"https:\/\/prehabilitation.ca\/wp-content\/uploads\/sites\/10\/2024\/04\/pic_.webp\" class=\"vc_single_image-img attachment-medium\" alt=\"No avatar\" title=\"pic_\" srcset=\"https:\/\/prehabilitation.ca\/wp-content\/uploads\/sites\/10\/2024\/04\/pic_.webp 300w, https:\/\/prehabilitation.ca\/wp-content\/uploads\/sites\/10\/2024\/04\/pic_-150x150.webp 150w, https:\/\/prehabilitation.ca\/wp-content\/uploads\/sites\/10\/2024\/04\/pic_-12x12.webp 12w\" sizes=\"auto, (max-width: 300px) 100vw, 300px\"  data-dt-location=\"https:\/\/prehabilitation.ca\/fr\/about-us\/research-team\/pic_\/\" \/><\/div>\n\t\t<\/figure>\n\t<\/div>\n<div class=\"vc_row wpb_row vc_inner vc_row-fluid\"><div class=\"text-and-email wpb_column vc_column_container vc_col-sm-12\"><div class=\"vc_column-inner\"><div class=\"wpb_wrapper\">\n\t<div class=\"wpb_text_column wpb_content_element\" >\n\t\t<div class=\"wpb_wrapper\">\n\t\t\t<p><strong>Yabo Chen, RD MSc Student<\/strong><\/p>\n\n\t\t<\/div>\n\t<\/div>\n<\/div><\/div><\/div><\/div><div  class=\"vc_do_toggle vc_toggle vc_toggle_default vc_toggle_color_black  vc_toggle_size_md   bio-text vc_custom_1713881330165\"><div class=\"vc_toggle_title\"><h4>Info<\/h4><i class=\"vc_toggle_icon\"><\/i><\/div><div class=\"vc_toggle_content\"><div style=\"text-align: center;\">\n<p>Project title: &#8220;Feasibility of multimodal prehabilitation to enhance glucose control before surgery in people with HbA1C >6.5%&#8221;<\/p>\n<\/div>\n<\/div><\/div><\/div><\/div><\/div><div class=\"column-worker column-worker-third-row wpb_column vc_column_container vc_col-sm-4\"><div class=\"vc_column-inner vc_custom_1713884135987\"><div class=\"wpb_wrapper\">\n\t<div  class=\"wpb_single_image wpb_content_element vc_align_center\">\n\t\t\n\t\t<figure class=\"wpb_wrapper vc_figure\">\n\t\t\t<div class=\"vc_single_image-wrapper   vc_box_border_grey\"><img loading=\"lazy\" decoding=\"async\" width=\"300\" height=\"300\" src=\"https:\/\/prehabilitation.ca\/wp-content\/uploads\/sites\/10\/2024\/04\/pic_.webp\" class=\"vc_single_image-img attachment-medium\" alt=\"No avatar\" title=\"pic_\" srcset=\"https:\/\/prehabilitation.ca\/wp-content\/uploads\/sites\/10\/2024\/04\/pic_.webp 300w, https:\/\/prehabilitation.ca\/wp-content\/uploads\/sites\/10\/2024\/04\/pic_-150x150.webp 150w, https:\/\/prehabilitation.ca\/wp-content\/uploads\/sites\/10\/2024\/04\/pic_-12x12.webp 12w\" sizes=\"auto, (max-width: 300px) 100vw, 300px\"  data-dt-location=\"https:\/\/prehabilitation.ca\/fr\/about-us\/research-team\/pic_\/\" \/><\/div>\n\t\t<\/figure>\n\t<\/div>\n<div class=\"vc_row wpb_row vc_inner vc_row-fluid\"><div class=\"text-and-email wpb_column vc_column_container vc_col-sm-12\"><div class=\"vc_column-inner\"><div class=\"wpb_wrapper\">\n\t<div class=\"wpb_text_column wpb_content_element\" >\n\t\t<div class=\"wpb_wrapper\">\n\t\t\t<p><strong>Yufei Zhan, RD MSc Student<\/strong><\/p>\n\n\t\t<\/div>\n\t<\/div>\n<\/div><\/div><\/div><\/div><div  class=\"vc_do_toggle vc_toggle vc_toggle_default vc_toggle_color_black  vc_toggle_size_md   bio-text vc_custom_1713881383761\"><div class=\"vc_toggle_title\"><h4>Info<\/h4><i class=\"vc_toggle_icon\"><\/i><\/div><div class=\"vc_toggle_content\"><div style=\"text-align: center;\">\n<p>Project title: &#8220;Development and validation of the Nutrition Prehabilitation Screening Tool&#8221;<\/p>\n<\/div>\n<\/div><\/div><\/div><\/div><\/div><\/div><div class=\"vc_row wpb_row vc_row-fluid vc_custom_1713793500369\"><div class=\"column-worker column-worker-fourth-row wpb_column vc_column_container vc_col-sm-4\"><div class=\"vc_column-inner vc_custom_1713889963047\"><div class=\"wpb_wrapper\">\n\t<div  class=\"wpb_single_image wpb_content_element vc_align_center\">\n\t\t\n\t\t<figure class=\"wpb_wrapper vc_figure\">\n\t\t\t<div class=\"vc_single_image-wrapper   vc_box_border_grey\"><img loading=\"lazy\" decoding=\"async\" width=\"300\" height=\"300\" src=\"https:\/\/prehabilitation.ca\/wp-content\/uploads\/sites\/10\/2024\/04\/audrey-300x300.webp\" class=\"vc_single_image-img attachment-medium\" alt=\"Audrey\" title=\"audrey\" srcset=\"https:\/\/prehabilitation.ca\/wp-content\/uploads\/sites\/10\/2024\/04\/audrey-300x300.webp 300w, https:\/\/prehabilitation.ca\/wp-content\/uploads\/sites\/10\/2024\/04\/audrey-150x150.webp 150w, https:\/\/prehabilitation.ca\/wp-content\/uploads\/sites\/10\/2024\/04\/audrey-12x12.webp 12w, https:\/\/prehabilitation.ca\/wp-content\/uploads\/sites\/10\/2024\/04\/audrey.webp 768w\" sizes=\"auto, (max-width: 300px) 100vw, 300px\"  data-dt-location=\"https:\/\/prehabilitation.ca\/fr\/about-us\/research-team\/audrey\/\" \/><\/div>\n\t\t<\/figure>\n\t<\/div>\n<div class=\"vc_row wpb_row vc_inner vc_row-fluid\"><div class=\"text-and-email wpb_column vc_column_container vc_col-sm-12\"><div class=\"vc_column-inner\"><div class=\"wpb_wrapper\">\n\t<div class=\"wpb_text_column wpb_content_element\" >\n\t\t<div class=\"wpb_wrapper\">\n\t\t\t<p><strong>Audrey Moyen, RD PhD Candidate<\/strong><\/p>\n\n\t\t<\/div>\n\t<\/div>\n<\/div><\/div><\/div><\/div><div  class=\"vc_do_toggle vc_toggle vc_toggle_default vc_toggle_color_black  vc_toggle_size_md   bio-text vc_custom_1713881449204\"><div class=\"vc_toggle_title\"><h4>Info<\/h4><i class=\"vc_toggle_icon\"><\/i><\/div><div class=\"vc_toggle_content\"><div style=\"text-align: center;\">\n<p>(Primary Supervisor: Prof. Stephanie Chevalier, Co-Supervisor: Prof. Chelsia Gillis)<\/p>\n<p>Project title: &#8220;Effects of a novel multimodal intervention for surgical prehabilitation on functional recovery and muscle characteristics in patients with lung cancer&#8221;.<\/p>\n<\/div>\n<\/div><\/div><\/div><\/div><\/div><\/div><div class=\"vc_row wpb_row vc_row-fluid\"><div class=\"wpb_column vc_column_container vc_col-sm-12\"><div class=\"vc_column-inner\"><div class=\"wpb_wrapper\"><\/div><\/div><\/div><\/div><div class=\"vc_row wpb_row vc_row-fluid vc_custom_1713470576330\"><div class=\"column-worker column-worker-fifth-row wpb_column vc_column_container vc_col-sm-4\"><div class=\"vc_column-inner vc_custom_1713890101373\"><div class=\"wpb_wrapper\">\n\t<div class=\"wpb_text_column wpb_content_element  vc_custom_1713890246121 research-students-title\" >\n\t\t<div class=\"wpb_wrapper\">\n\t\t\t<h3 style=\"text-align: center;\"><span style=\"font-weight: 400;\">Research Students and employees under the supervision of Dr. Amal Bessissow<\/span><\/h3>\n\n\t\t<\/div>\n\t<\/div>\n\n\t<div  class=\"wpb_single_image wpb_content_element vc_align_center\">\n\t\t\n\t\t<figure class=\"wpb_wrapper vc_figure\">\n\t\t\t<div class=\"vc_single_image-wrapper   vc_box_border_grey\"><img loading=\"lazy\" decoding=\"async\" width=\"300\" height=\"300\" src=\"https:\/\/prehabilitation.ca\/wp-content\/uploads\/sites\/10\/2024\/04\/rushud-300x300.webp\" class=\"vc_single_image-img attachment-medium\" alt=\"Rushud\" title=\"rushud\" srcset=\"https:\/\/prehabilitation.ca\/wp-content\/uploads\/sites\/10\/2024\/04\/rushud-300x300.webp 300w, https:\/\/prehabilitation.ca\/wp-content\/uploads\/sites\/10\/2024\/04\/rushud-150x150.webp 150w, https:\/\/prehabilitation.ca\/wp-content\/uploads\/sites\/10\/2024\/04\/rushud-12x12.webp 12w, https:\/\/prehabilitation.ca\/wp-content\/uploads\/sites\/10\/2024\/04\/rushud.webp 768w\" sizes=\"auto, (max-width: 300px) 100vw, 300px\"  data-dt-location=\"https:\/\/prehabilitation.ca\/fr\/about-us\/research-team\/rushud\/\" \/><\/div>\n\t\t<\/figure>\n\t<\/div>\n<div class=\"vc_row wpb_row vc_inner vc_row-fluid\"><div class=\"text-and-email wpb_column vc_column_container vc_col-sm-12\"><div class=\"vc_column-inner\"><div class=\"wpb_wrapper\">\n\t<div class=\"wpb_text_column wpb_content_element\" >\n\t\t<div class=\"wpb_wrapper\">\n\t\t\t<p><strong>Rushud Alani, MD, MSc Student<\/strong><\/p>\n\n\t\t<\/div>\n\t<\/div>\n<\/div><\/div><\/div><\/div><div  class=\"vc_do_toggle vc_toggle vc_toggle_default vc_toggle_color_black  vc_toggle_size_md   bio-text vc_custom_1713881534108\"><div class=\"vc_toggle_title\"><h4>Info<\/h4><i class=\"vc_toggle_icon\"><\/i><\/div><div class=\"vc_toggle_content\"><div style=\"text-align: center;\">\n<p>Project title: \u201cImpact of Multimodal Prehabilitation Program on High Cardiovascular Risk Patients Undergoing Noncardiac Surgery \u2013 Feasibility Study\u201d<\/p>\n<\/div>\n<\/div><\/div><\/div><\/div><\/div><div class=\"column-worker column-worker-fifth-row wpb_column vc_column_container vc_col-sm-4\"><div class=\"vc_column-inner vc_custom_1713890113900\"><div class=\"wpb_wrapper\">\n\t<div class=\"wpb_text_column wpb_content_element  vc_custom_1713890304876 research-students-title\" >\n\t\t<div class=\"wpb_wrapper\">\n\t\t\t<h3 style=\"text-align: center;\"><span style=\"font-weight: 400;\">Research Students under the supervision of Dr. Stephanie Chevalier<\/span><\/h3>\n\n\t\t<\/div>\n\t<\/div>\n\n\t<div  class=\"wpb_single_image wpb_content_element vc_align_center\">\n\t\t\n\t\t<figure class=\"wpb_wrapper vc_figure\">\n\t\t\t<div class=\"vc_single_image-wrapper   vc_box_border_grey\"><img loading=\"lazy\" decoding=\"async\" width=\"300\" height=\"300\" src=\"https:\/\/prehabilitation.ca\/wp-content\/uploads\/sites\/10\/2024\/04\/audrey-300x300.webp\" class=\"vc_single_image-img attachment-medium\" alt=\"Audrey\" title=\"audrey\" srcset=\"https:\/\/prehabilitation.ca\/wp-content\/uploads\/sites\/10\/2024\/04\/audrey-300x300.webp 300w, https:\/\/prehabilitation.ca\/wp-content\/uploads\/sites\/10\/2024\/04\/audrey-150x150.webp 150w, https:\/\/prehabilitation.ca\/wp-content\/uploads\/sites\/10\/2024\/04\/audrey-12x12.webp 12w, https:\/\/prehabilitation.ca\/wp-content\/uploads\/sites\/10\/2024\/04\/audrey.webp 768w\" sizes=\"auto, (max-width: 300px) 100vw, 300px\"  data-dt-location=\"https:\/\/prehabilitation.ca\/fr\/about-us\/research-team\/audrey\/\" \/><\/div>\n\t\t<\/figure>\n\t<\/div>\n<div class=\"vc_row wpb_row vc_inner vc_row-fluid\"><div class=\"text-and-email wpb_column vc_column_container vc_col-sm-12\"><div class=\"vc_column-inner\"><div class=\"wpb_wrapper\">\n\t<div class=\"wpb_text_column wpb_content_element\" >\n\t\t<div class=\"wpb_wrapper\">\n\t\t\t<p><strong>Audrey Moyen, RD PhD Candidate <\/strong><br \/>\nCo-Supervisor: Prof. Chelsia Gillis<\/p>\n\n\t\t<\/div>\n\t<\/div>\n<\/div><\/div><\/div><\/div><div  class=\"vc_do_toggle vc_toggle vc_toggle_default vc_toggle_color_black  vc_toggle_size_md   bio-text vc_custom_1713881607823\"><div class=\"vc_toggle_title\"><h4>Info<\/h4><i class=\"vc_toggle_icon\"><\/i><\/div><div class=\"vc_toggle_content\"><div style=\"text-align: center;\">\n<p>Project title: &#8220;Effects of a novel multimodal intervention for surgical prehabilitation on functional recovery and muscle characteristics in patients with lung cancer&#8221;.<\/p>\n<\/div>\n<\/div><\/div><\/div><\/div><\/div><div class=\"column-worker column-worker-fifth-row wpb_column vc_column_container vc_col-sm-4\"><div class=\"vc_column-inner vc_custom_1713890443924\"><div class=\"wpb_wrapper\">\n\t<div class=\"wpb_text_column wpb_content_element  vc_custom_1713890316624 research-students-title\" >\n\t\t<div class=\"wpb_wrapper\">\n\t\t\t<h3 style=\"text-align: center;\"><span style=\"font-weight: 400;\">Research Students under the supervision of Dr. Jonathan Cools-Lartigue<\/span><\/h3>\n\n\t\t<\/div>\n\t<\/div>\n\n\t<div  class=\"wpb_single_image wpb_content_element vc_align_center\">\n\t\t\n\t\t<figure class=\"wpb_wrapper vc_figure\">\n\t\t\t<div class=\"vc_single_image-wrapper   vc_box_border_grey\"><img loading=\"lazy\" decoding=\"async\" width=\"300\" height=\"300\" src=\"https:\/\/prehabilitation.ca\/wp-content\/uploads\/sites\/10\/2024\/04\/roni-300x300.webp\" class=\"vc_single_image-img attachment-medium\" alt=\"Roni Zaks\" title=\"roni\" srcset=\"https:\/\/prehabilitation.ca\/wp-content\/uploads\/sites\/10\/2024\/04\/roni-300x300.webp 300w, https:\/\/prehabilitation.ca\/wp-content\/uploads\/sites\/10\/2024\/04\/roni-150x150.webp 150w, https:\/\/prehabilitation.ca\/wp-content\/uploads\/sites\/10\/2024\/04\/roni-12x12.webp 12w, https:\/\/prehabilitation.ca\/wp-content\/uploads\/sites\/10\/2024\/04\/roni.webp 768w\" sizes=\"auto, (max-width: 300px) 100vw, 300px\"  data-dt-location=\"https:\/\/prehabilitation.ca\/fr\/about-us\/clinical-team\/roni\/\" \/><\/div>\n\t\t<\/figure>\n\t<\/div>\n<div class=\"vc_row wpb_row vc_inner vc_row-fluid\"><div class=\"text-and-email wpb_column vc_column_container vc_col-sm-12\"><div class=\"vc_column-inner\"><div class=\"wpb_wrapper\">\n\t<div class=\"wpb_text_column wpb_content_element\" >\n\t\t<div class=\"wpb_wrapper\">\n\t\t\t<p><strong>Roni Zaks, BSc, MSc Student<\/strong><\/p>\n\n\t\t<\/div>\n\t<\/div>\n<div class=\"vc_icon_element vc_icon_element-outer vc_do_icon vc_icon_element-align-center\"><div class=\"vc_icon_element-inner vc_icon_element-color-custom vc_icon_element-size-md vc_icon_element-style- vc_icon_element-background-color-grey\" ><span class=\"vc_icon_element-icon fas fa-envelope\" style=\"color:#0078c8 !important\"><\/span><a class=\"vc_icon_element-link\" href=\"mailto:roni.zaks@muhc.mcgill.ca\"  title=\"\" target=\"_blank\"><\/a><\/div><\/div><\/div><\/div><\/div><\/div><div  class=\"vc_do_toggle vc_toggle vc_toggle_default vc_toggle_color_black  vc_toggle_size_md   bio-text vc_custom_1713881786019\"><div class=\"vc_toggle_title\"><h4>Info<\/h4><i class=\"vc_toggle_icon\"><\/i><\/div><div class=\"vc_toggle_content\"><div style=\"text-align: center;\">\n<p>Project title: \u201cExploring the Impact of Multimodal Prehabilitation on Inflammatory and Immune Markers in Non-Small Cell Lung Carcinoma\u201d<\/p>\n<\/div>\n<\/div><\/div><\/div><\/div><\/div><\/div>\n<\/div>","protected":false},"excerpt":{"rendered":"<p>Dr. Chelsia Gillis, PhD Director of Perioperative Medical Research Biography Dr. Chelsia Gillis is an Assistant Professor within the School of Human Nutrition, with Associate appointments in Anaesthesia and Surgery, at McGill University. She has a Ph.D. in Epidemiology, is a Registered Dietitian, Canadian Vanier Scholar, and a Certified Nutrition Support Clinician. Dr. Gillis&#8217; research&hellip;<\/p>","protected":false},"author":116,"featured_media":0,"parent":15278,"menu_order":0,"comment_status":"closed","ping_status":"closed","template":"","meta":{"_monsterinsights_skip_tracking":false,"_monsterinsights_sitenote_active":false,"_monsterinsights_sitenote_note":"","_monsterinsights_sitenote_category":0,"footnotes":""},"yst_prominent_words":[],"class_list":["post-16497","page","type-page","status-publish","hentry","description-off"],"_links":{"self":[{"href":"https:\/\/prehabilitation.ca\/fr\/wp-json\/wp\/v2\/pages\/16497","targetHints":{"allow":["GET"]}}],"collection":[{"href":"https:\/\/prehabilitation.ca\/fr\/wp-json\/wp\/v2\/pages"}],"about":[{"href":"https:\/\/prehabilitation.ca\/fr\/wp-json\/wp\/v2\/types\/page"}],"author":[{"embeddable":true,"href":"https:\/\/prehabilitation.ca\/fr\/wp-json\/wp\/v2\/users\/116"}],"replies":[{"embeddable":true,"href":"https:\/\/prehabilitation.ca\/fr\/wp-json\/wp\/v2\/comments?post=16497"}],"version-history":[{"count":49,"href":"https:\/\/prehabilitation.ca\/fr\/wp-json\/wp\/v2\/pages\/16497\/revisions"}],"predecessor-version":[{"id":16679,"href":"https:\/\/prehabilitation.ca\/fr\/wp-json\/wp\/v2\/pages\/16497\/revisions\/16679"}],"up":[{"embeddable":true,"href":"https:\/\/prehabilitation.ca\/fr\/wp-json\/wp\/v2\/pages\/15278"}],"wp:attachment":[{"href":"https:\/\/prehabilitation.ca\/fr\/wp-json\/wp\/v2\/media?parent=16497"}],"wp:term":[{"taxonomy":"yst_prominent_words","embeddable":true,"href":"https:\/\/prehabilitation.ca\/fr\/wp-json\/wp\/v2\/yst_prominent_words?post=16497"}],"curies":[{"name":"wp","href":"https:\/\/api.w.org\/{rel}","templated":true}]}}