{"id":15633,"date":"2020-08-27T22:28:26","date_gmt":"2020-08-27T22:28:26","guid":{"rendered":"https:\/\/prehabilitation.ca\/?page_id=15633"},"modified":"2020-08-27T22:49:20","modified_gmt":"2020-08-27T22:49:20","slug":"faq","status":"publish","type":"page","link":"https:\/\/prehabilitation.ca\/fr\/get-involved\/faq\/","title":{"rendered":"FAQ"},"content":{"rendered":"<div class=\"wpb-content-wrapper\"><div class=\"vc_row wpb_row vc_row-fluid\"><div class=\"wpb_column vc_column_container vc_col-sm-12\"><div class=\"vc_column-inner\"><div class=\"wpb_wrapper\"><div id=\"ultimate-heading-565569f1ab513126c\" class=\"uvc-heading ult-adjust-bottom-margin ultimate-heading-565569f1ab513126c uvc-5157  uvc-heading-default-font-sizes\" data-hspacer=\"no_spacer\"  data-halign=\"center\" style=\"text-align:center\"><div class=\"uvc-heading-spacer no_spacer\" style=\"top\"><\/div><div class=\"uvc-main-heading ult-responsive\"  data-ultimate-target='.uvc-heading.ultimate-heading-565569f1ab513126c h1'  data-responsive-json-new='{\"font-size\":\"\",\"line-height\":\"\"}' ><h1 style=\"font-weight:bold;color:#28a7fb;\">FOIRE AUX QUESTIONS<\/h1><\/div><\/div><\/div><\/div><\/div><\/div><div class=\"vc_row wpb_row vc_row-fluid vc_custom_1598568558604\"><div class=\"wpb_column vc_column_container vc_col-sm-12\"><div class=\"vc_column-inner\"><div class=\"wpb_wrapper\"><div class=\"vc_tta-container\" data-vc-action=\"collapse\"><div class=\"vc_general vc_tta vc_tta-accordion vc_tta-color-grey vc_tta-style-classic vc_tta-shape-rounded vc_tta-o-shape-group vc_tta-controls-align-default vc_tta-o-no-fill\"><div class=\"vc_tta-panels-container\"><div class=\"vc_tta-panels\"><div class=\"vc_tta-panel vc_active\" id=\"1598568356971-bdfc18ce-10ef\" data-vc-content=\".vc_tta-panel-body\"><div class=\"vc_tta-panel-heading\"><h4 class=\"vc_tta-panel-title vc_tta-controls-icon-position-left\"><a href=\"#1598568356971-bdfc18ce-10ef\" data-vc-accordion data-vc-container=\".vc_tta-container\"><span class=\"vc_tta-title-text\">Comment m\u2019inscrire au programme de pr\u00e9adaptation?<\/span><i class=\"vc_tta-controls-icon vc_tta-controls-icon-plus\"><\/i><\/a><\/h4><\/div><div class=\"vc_tta-panel-body\">\n\t<div class=\"wpb_text_column wpb_content_element\" >\n\t\t<div class=\"wpb_wrapper\">\n\t\t\t<p>Une fois le diagnostic pos\u00e9, votre chirurgien vous recommandera \u00e0 l\u2019\u00e9quipe du POP. Vous serez ensuite invit\u00e9 \u00e0 nous visiter pour rencontrer un repr\u00e9sentant du programme p\u00e9riop\u00e9ratoire et signer un formulaire de consentement pour y participer.<\/p>\n\n\t\t<\/div>\n\t<\/div>\n<\/div><\/div><div class=\"vc_tta-panel\" id=\"1598568357011-91330ed8-3f91\" data-vc-content=\".vc_tta-panel-body\"><div class=\"vc_tta-panel-heading\"><h4 class=\"vc_tta-panel-title vc_tta-controls-icon-position-left\"><a href=\"#1598568357011-91330ed8-3f91\" data-vc-accordion data-vc-container=\".vc_tta-container\"><span class=\"vc_tta-title-text\">Que se passe-t-il apr\u00e8s mon inscription?<\/span><i class=\"vc_tta-controls-icon vc_tta-controls-icon-plus\"><\/i><\/a><\/h4><\/div><div class=\"vc_tta-panel-body\">\n\t<div class=\"wpb_text_column wpb_content_element\" >\n\t\t<div class=\"wpb_wrapper\">\n\t\t\t<p>Vous passerez une \u00e9valuation de base durant laquelle l\u2019\u00e9quipe du POP mesure divers param\u00e8tres : composition corporelle, force et capacit\u00e9 d\u2019exercice. Vous aurez aussi \u00e0 remplir un questionnaire sur votre bien-\u00eatre social et psychologique. Vous serez pr\u00eat \u00e0 commencer le programme apr\u00e8s avoir consult\u00e9 un kin\u00e9siologue (th\u00e9rapeute en exercice), un nutritionniste et un th\u00e9rapeute en relaxation qui \u00e9laboreront ensemble un programme personnalis\u00e9 pour vous.<\/p>\n\n\t\t<\/div>\n\t<\/div>\n<\/div><\/div><div class=\"vc_tta-panel\" id=\"1598568414416-c0f9ff28-5394\" data-vc-content=\".vc_tta-panel-body\"><div class=\"vc_tta-panel-heading\"><h4 class=\"vc_tta-panel-title vc_tta-controls-icon-position-left\"><a href=\"#1598568414416-c0f9ff28-5394\" data-vc-accordion data-vc-container=\".vc_tta-container\"><span class=\"vc_tta-title-text\">\u00c0 combien de rencontres devrai-je me rendre pendant la dur\u00e9e du programme?<\/span><i class=\"vc_tta-controls-icon vc_tta-controls-icon-plus\"><\/i><\/a><\/h4><\/div><div class=\"vc_tta-panel-body\">\n\t<div class=\"wpb_text_column wpb_content_element\" >\n\t\t<div class=\"wpb_wrapper\">\n\t\t\t<div>\n<p>Le programme habituel consiste en quatre rencontres d\u2019\u00e9valuation : au d\u00e9but, au stade pr\u00e9op\u00e9ratoire, quatre semaines apr\u00e8s l\u2019intervention et huit semaines apr\u00e8s.<\/p>\n<p>La premi\u00e8re rencontre dure entre deux heures et demie et trois heures. Les trois autres rencontres durent une heure chacune. En fonction du r\u00e9sultat de l\u2019\u00e9valuation, on peut demander \u00e0 certains patients de faire de l\u2019exercice trois fois par semaine sur place au POP avant l\u2019intervention, alors que d\u2019autres n\u2019auront \u00e0 en faire qu\u2019une fois par semaine. Tous les programmes incluent un programme d\u2019exercices \u00e0 la maison.<\/p>\n<\/div>\n\n\t\t<\/div>\n\t<\/div>\n<\/div><\/div><div class=\"vc_tta-panel\" id=\"1598568417678-1f011cc6-6e5e\" data-vc-content=\".vc_tta-panel-body\"><div class=\"vc_tta-panel-heading\"><h4 class=\"vc_tta-panel-title vc_tta-controls-icon-position-left\"><a href=\"#1598568417678-1f011cc6-6e5e\" data-vc-accordion data-vc-container=\".vc_tta-container\"><span class=\"vc_tta-title-text\">O\u00f9 ont lieu les rendez-vous?<\/span><i class=\"vc_tta-controls-icon vc_tta-controls-icon-plus\"><\/i><\/a><\/h4><\/div><div class=\"vc_tta-panel-body\">\n\t<div class=\"wpb_text_column wpb_content_element\" >\n\t\t<div class=\"wpb_wrapper\">\n\t\t\t<p>Tous les rendez-vous se tiennent dans les bureaux du POP au local 10E.165-168 (10e\u00a0\u00e9tage du bloc\u00a0E de l\u2019H\u00f4pital g\u00e9n\u00e9ral de Montr\u00e9al).<\/p>\n\n\t\t<\/div>\n\t<\/div>\n<\/div><\/div><div class=\"vc_tta-panel\" id=\"1598568419340-3fcdc9de-3f0e\" data-vc-content=\".vc_tta-panel-body\"><div class=\"vc_tta-panel-heading\"><h4 class=\"vc_tta-panel-title vc_tta-controls-icon-position-left\"><a href=\"#1598568419340-3fcdc9de-3f0e\" data-vc-accordion data-vc-container=\".vc_tta-container\"><span class=\"vc_tta-title-text\">Que faire si je dois annuler un rendez-vous?<\/span><i class=\"vc_tta-controls-icon vc_tta-controls-icon-plus\"><\/i><\/a><\/h4><\/div><div class=\"vc_tta-panel-body\">\n\t<div class=\"wpb_text_column wpb_content_element\" >\n\t\t<div class=\"wpb_wrapper\">\n\t\t\t<p>Vous devez appeler le coordonnateur de recherche au moins 24\u00a0heures \u00e0 l\u2019avance. Comme notre programme est tr\u00e8s populaire, nous voulons accorder le plus de temps possible \u00e0 nos patients actuels et aux nouveaux patients.<\/p>\n\n\t\t<\/div>\n\t<\/div>\n<\/div><\/div><div class=\"vc_tta-panel\" id=\"1598568419966-51570b7f-c4d2\" data-vc-content=\".vc_tta-panel-body\"><div class=\"vc_tta-panel-heading\"><h4 class=\"vc_tta-panel-title vc_tta-controls-icon-position-left\"><a href=\"#1598568419966-51570b7f-c4d2\" data-vc-accordion data-vc-container=\".vc_tta-container\"><span class=\"vc_tta-title-text\">Quel est l\u2019\u00e9l\u00e9ment le plus important du programme?<\/span><i class=\"vc_tta-controls-icon vc_tta-controls-icon-plus\"><\/i><\/a><\/h4><\/div><div class=\"vc_tta-panel-body\">\n\t<div class=\"wpb_text_column wpb_content_element\" >\n\t\t<div class=\"wpb_wrapper\">\n\t\t\t<p>Votre adh\u00e9rence \u00e0 tous les aspects du programme. Si vous suivez les instructions de l\u2019\u00e9quipe du POP, vos r\u00e9sultats seront concluants. Votre succ\u00e8s est notre succ\u00e8s!<\/p>\n\n\t\t<\/div>\n\t<\/div>\n<\/div><\/div><\/div><\/div><\/div><\/div><\/div><\/div><\/div><\/div><div class=\"vc_row wpb_row vc_row-fluid vc_custom_1461851167541\"><div class=\"wpb_column vc_column_container vc_col-sm-8 vc_col-lg-offset-2 vc_col-md-offset-2 vc_col-sm-offset-2\"><div class=\"vc_column-inner\"><div class=\"wpb_wrapper\"><div id=\"ultimate-heading-543269f1ab5133edd\" class=\"uvc-heading ult-adjust-bottom-margin ultimate-heading-543269f1ab5133edd uvc-1060  uvc-heading-default-font-sizes\" data-hspacer=\"no_spacer\"  data-halign=\"center\" style=\"text-align:center\"><div class=\"uvc-heading-spacer no_spacer\" style=\"top\"><\/div><div class=\"uvc-main-heading ult-responsive\"  data-ultimate-target='.uvc-heading.ultimate-heading-543269f1ab5133edd h1'  data-responsive-json-new='{\"font-size\":\"\",\"line-height\":\"\"}' ><h1 style=\"font-weight:bold;\">Derni\u00e8res nouvelles et \u00e9v\u00e9nements<\/h1><\/div><div class=\"uvc-sub-heading ult-responsive\"  data-ultimate-target='.uvc-heading.ultimate-heading-543269f1ab5133edd .uvc-sub-heading '  data-responsive-json-new='{\"font-size\":\"desktop:18px;\",\"line-height\":\"desktop:28px;\"}'  style=\"font-weight:normal;color:#9a9a9a;margin-top:20px;margin-bottom:60px;\"><\/p>\n<p style=\"text-align: center;\">Visitez le site Prehabilitation.ca pour vous tenir au courant des derni\u00e8res nouvelles, des \u00e9v\u00e9nements et consulter les mises \u00e0 jour<\/p>\n<p><\/div><\/div><\/div><\/div><\/div><div class=\"wpb_column vc_column_container vc_col-sm-12\"><div class=\"vc_column-inner\"><div class=\"wpb_wrapper\"><div class=\"dt-shortcode with-isotope\"><div class=\"wf-container dt-blog-shortcode resize-by-browser-width vertical-fancy-style loading-effect-none iso-grid description-under-image content-align-left\" data-padding=\"25px\" data-cur-page=\"1\" data-posts-per-page=\"-1\" data-desktop-columns-num=\"3\" data-v-tablet-columns-num=\"3\" data-h-tablet-columns-num=\"3\" data-phone-columns-num=\"1\" data-width=\"370px\" data-columns=\"3\">\n<div class=\"wf-cell\" data-post-id=\"16441\" data-date=\"2023-09-12T16:12:12+00:00\" data-name=\"Newsletter - August 2023\">\n\t<article class=\"post post-16441 type-post status-publish format-standard has-post-thumbnail hentry category-latest-news category-56 description-off\">\n\n\t\t\n\t\t\t<div class=\"blog-media wf-td\">\n\n\t\t\t\t<p><a href=\"https:\/\/prehabilitation.ca\/fr\/newsletter-august-2023\/\" class=\"alignnone rollover layzr-bg\" ><img fetchpriority=\"high\" decoding=\"async\" class=\"preload-me iso-lazy-load aspect\" src=\"data:image\/svg+xml,%3Csvg%20xmlns%3D&#39;http%3A%2F%2Fwww.w3.org%2F2000%2Fsvg&#39;%20viewBox%3D&#39;0%200%20555%20369&#39;%2F%3E\" data-src=\"https:\/\/prehabilitation.ca\/wp-content\/uploads\/sites\/10\/2023\/09\/Picture-555x369.png\" data-srcset=\"https:\/\/prehabilitation.ca\/wp-content\/uploads\/sites\/10\/2023\/09\/Picture-555x369.png 555w, https:\/\/prehabilitation.ca\/wp-content\/uploads\/sites\/10\/2023\/09\/Picture.png 1025w\" loading=\"eager\" style=\"--ratio: 555 \/ 369\" sizes=\"(max-width: 555px) 100vw, 555px\" alt=\"\" title=\"Picture\" width=\"555\" height=\"369\"  \/><\/a><\/p>\n\t\t\t<\/div>\n\n\t\t\n\t\t<div class=\"blog-content wf-td\">\n\t\t\t<h3 class=\"entry-title\"><a href=\"https:\/\/prehabilitation.ca\/fr\/newsletter-august-2023\/\" title=\"Newsletter &#8211; August 2023\" rel=\"bookmark\">Bulletin - Ao\u00fbt\u00a02023<\/a><\/h3>\n\n\t\t\t<p>WHAT\u2019S UP AT POP? Peri Operative Programme P\u00e9ri-Op\u00e9ratoire (POP) Newsletter August 2023 PERI OPERATIVE PROGRAMME P\u00c9RI OP\u00c9RATOIRE (POP) TEAM 2022-2023 PRESIDENT\u2019S REPORT The New MUHC Prehabilitation Clinic: As of October 2021, POP was given the authority by the MUHC to operate as a clinic. The new MUHC clinic is staffed by 3 MUHC employees; 1&hellip;<\/p>\n\n<a href=\"https:\/\/prehabilitation.ca\/fr\/newsletter-august-2023\/\" class=\"details more-link\" aria-label=\"Read more about Newsletter &#8211; August 2023\">D\u00e9tails<\/a>\n\n\t\t<\/div>\n\n\t<\/article>\n\n<\/div>\n<div class=\"wf-cell\" data-post-id=\"16301\" data-date=\"2021-09-13T04:05:51+00:00\" data-name=\"Newsletter - September 2021\">\n\t<article class=\"post post-16301 type-post status-publish format-standard has-post-thumbnail hentry category-latest-news category-56 description-off\">\n\n\t\t\n\t\t\t<div class=\"blog-media wf-td\">\n\n\t\t\t\t<p><a href=\"https:\/\/prehabilitation.ca\/fr\/newsletter-september-2021\/\" class=\"alignnone rollover layzr-bg\" ><img decoding=\"async\" class=\"preload-me iso-lazy-load aspect\" src=\"data:image\/svg+xml,%3Csvg%20xmlns%3D&#39;http%3A%2F%2Fwww.w3.org%2F2000%2Fsvg&#39;%20viewBox%3D&#39;0%200%20555%20370&#39;%2F%3E\" data-src=\"https:\/\/prehabilitation.ca\/wp-content\/uploads\/sites\/10\/2021\/09\/photo-1576091160399-112ba8d25d1d-555x370.webp\" data-srcset=\"https:\/\/prehabilitation.ca\/wp-content\/uploads\/sites\/10\/2021\/09\/photo-1576091160399-112ba8d25d1d-555x370.webp 555w, https:\/\/prehabilitation.ca\/wp-content\/uploads\/sites\/10\/2021\/09\/photo-1576091160399-112ba8d25d1d.webp 1050w\" loading=\"eager\" style=\"--ratio: 555 \/ 370\" sizes=\"(max-width: 555px) 100vw, 555px\" alt=\"\" title=\"photo-1576091160399-112ba8d25d1d\" width=\"555\" height=\"370\"  \/><\/a><\/p>\n\t\t\t<\/div>\n\n\t\t\n\t\t<div class=\"blog-content wf-td\">\n\t\t\t<h3 class=\"entry-title\"><a href=\"https:\/\/prehabilitation.ca\/fr\/newsletter-september-2021\/\" title=\"Newsletter &#8211; September 2021\" rel=\"bookmark\">Bulletin \u2013\u00a0septembre\u00a02021<\/a><\/h3>\n\n\t\t\t<p>Morbi consequat, neque tincidunt auctor mattis, libero augue molestie nulla, at dapibus urna libero nec dolor. Aliquam venenatis magna eu libero finibus malesuada. Aenean hendrerit ante sed turpis interdum consequat. Proin eleifend nulla ac augue ultricies sodales.Nam eget mollis diam. Sed nec felis ut massa volutpat dictum quis id tortor. Maecenas hendrerit, dui quis condimentum eleifend, orci lacus rutrum libero, ac tempus sem justo quis ex. Mauris vestibulum dapibus auctor.<\/p>\n\n<a href=\"https:\/\/prehabilitation.ca\/fr\/newsletter-september-2021\/\" class=\"details more-link\" aria-label=\"Read more about Newsletter &#8211; September 2021\">D\u00e9tails<\/a>\n\n\t\t<\/div>\n\n\t<\/article>\n\n<\/div>\n<div class=\"wf-cell\" data-post-id=\"16073\" data-date=\"2020-12-10T05:05:01+00:00\" data-name=\"Newsletter - September 2020\">\n\t<article class=\"post post-16073 type-post status-publish format-standard has-post-thumbnail hentry category-latest-news category-56 description-off\">\n\n\t\t\n\t\t\t<div class=\"blog-media wf-td\">\n\n\t\t\t\t<p><a href=\"https:\/\/prehabilitation.ca\/fr\/newsletter-september-2020\/\" class=\"alignnone rollover layzr-bg\" ><img decoding=\"async\" class=\"preload-me iso-lazy-load aspect\" src=\"data:image\/svg+xml,%3Csvg%20xmlns%3D&#39;http%3A%2F%2Fwww.w3.org%2F2000%2Fsvg&#39;%20viewBox%3D&#39;0%200%20555%20369&#39;%2F%3E\" data-src=\"https:\/\/prehabilitation.ca\/wp-content\/uploads\/sites\/10\/2020\/12\/Perioperative-program-prehabilitation-canada-newsletter-2020-555x369.jpg\" data-srcset=\"https:\/\/prehabilitation.ca\/wp-content\/uploads\/sites\/10\/2020\/12\/Perioperative-program-prehabilitation-canada-newsletter-2020-555x369.jpg 555w, https:\/\/prehabilitation.ca\/wp-content\/uploads\/sites\/10\/2020\/12\/Perioperative-program-prehabilitation-canada-newsletter-2020-1110x738.jpg 1110w\" loading=\"eager\" style=\"--ratio: 555 \/ 369\" sizes=\"(max-width: 555px) 100vw, 555px\" alt=\"\" title=\"Perioperative program prehabilitation canada newsletter 2020\" width=\"555\" height=\"369\"  \/><\/a><\/p>\n\t\t\t<\/div>\n\n\t\t\n\t\t<div class=\"blog-content wf-td\">\n\t\t\t<h3 class=\"entry-title\"><a href=\"https:\/\/prehabilitation.ca\/fr\/newsletter-september-2020\/\" title=\"Newsletter &#8211; September 2020\" rel=\"bookmark\">Bulletin \u2013\u00a0septembre\u00a02020<\/a><\/h3>\n\n\t\t\t<p>Morbi consequat, neque tincidunt auctor mattis, libero augue molestie nulla, at dapibus urna libero nec dolor. Aliquam venenatis magna eu libero finibus malesuada. Aenean hendrerit ante sed turpis interdum consequat. Proin eleifend nulla ac augue ultricies sodales.Nam eget mollis diam. Sed nec felis ut massa volutpat dictum quis id tortor. Maecenas hendrerit, dui quis condimentum eleifend, orci lacus rutrum libero, ac tempus sem justo quis ex. Mauris vestibulum dapibus auctor.<\/p>\n\n<a href=\"https:\/\/prehabilitation.ca\/fr\/newsletter-september-2020\/\" class=\"details more-link\" aria-label=\"Read more about Newsletter &#8211; September 2020\">D\u00e9tails<\/a>\n\n\t\t<\/div>\n\n\t<\/article>\n\n<\/div><\/div><\/div><\/div><\/div><\/div><\/div>\n<\/div>","protected":false},"excerpt":{"rendered":"<p>FREQUENTLY ASKED QUESTIONSHow do I register for the Prehabilitation program? Your surgeon, upon diagnosis, will recommend you to the POP Team. You will then be invited to come in to POP to meet with a POP representative and sign a Consent Form to participate in the program. What happens once I sign on to participate?&hellip;<\/p>","protected":false},"author":1,"featured_media":0,"parent":15291,"menu_order":0,"comment_status":"closed","ping_status":"closed","template":"","meta":{"_monsterinsights_skip_tracking":false,"_monsterinsights_sitenote_active":false,"_monsterinsights_sitenote_note":"","_monsterinsights_sitenote_category":0,"footnotes":""},"yst_prominent_words":[],"class_list":["post-15633","page","type-page","status-publish","hentry","description-off"],"_links":{"self":[{"href":"https:\/\/prehabilitation.ca\/fr\/wp-json\/wp\/v2\/pages\/15633","targetHints":{"allow":["GET"]}}],"collection":[{"href":"https:\/\/prehabilitation.ca\/fr\/wp-json\/wp\/v2\/pages"}],"about":[{"href":"https:\/\/prehabilitation.ca\/fr\/wp-json\/wp\/v2\/types\/page"}],"author":[{"embeddable":true,"href":"https:\/\/prehabilitation.ca\/fr\/wp-json\/wp\/v2\/users\/1"}],"replies":[{"embeddable":true,"href":"https:\/\/prehabilitation.ca\/fr\/wp-json\/wp\/v2\/comments?post=15633"}],"version-history":[{"count":6,"href":"https:\/\/prehabilitation.ca\/fr\/wp-json\/wp\/v2\/pages\/15633\/revisions"}],"predecessor-version":[{"id":15663,"href":"https:\/\/prehabilitation.ca\/fr\/wp-json\/wp\/v2\/pages\/15633\/revisions\/15663"}],"up":[{"embeddable":true,"href":"https:\/\/prehabilitation.ca\/fr\/wp-json\/wp\/v2\/pages\/15291"}],"wp:attachment":[{"href":"https:\/\/prehabilitation.ca\/fr\/wp-json\/wp\/v2\/media?parent=15633"}],"wp:term":[{"taxonomy":"yst_prominent_words","embeddable":true,"href":"https:\/\/prehabilitation.ca\/fr\/wp-json\/wp\/v2\/yst_prominent_words?post=15633"}],"curies":[{"name":"wp","href":"https:\/\/api.w.org\/{rel}","templated":true}]}}