{"id":15284,"date":"2020-08-25T19:52:23","date_gmt":"2020-08-25T19:52:23","guid":{"rendered":"https:\/\/prehabilitation.ca\/?page_id=15284"},"modified":"2024-08-21T12:45:27","modified_gmt":"2024-08-21T12:45:27","slug":"events-news","status":"publish","type":"page","link":"https:\/\/prehabilitation.ca\/fr\/events-news\/","title":{"rendered":"\u00c9v\u00e9nements et nouvelles"},"content":{"rendered":"<div class=\"wpb-content-wrapper\"><div class=\"vc_row wpb_row vc_row-fluid\"><div class=\"wpb_column vc_column_container vc_col-sm-12\"><div class=\"vc_column-inner\"><div class=\"wpb_wrapper\">\n\t<div class=\"wpb_video_widget wpb_content_element vc_clearfix   vc_video-aspect-ratio-169 vc_video-el-width-100 vc_video-align-center\" >\n\t\t<div class=\"wpb_wrapper\">\n\t\t\t\n\t\t\t<div class=\"wpb_video_wrapper\"><iframe loading=\"lazy\" title=\"Cancer du poumon - La vie continue\" width=\"500\" height=\"281\" src=\"https:\/\/www.youtube.com\/embed\/9l43CP2i2No?feature=oembed\" frameborder=\"0\" allow=\"accelerometer; autoplay; clipboard-write; encrypted-media; gyroscope; picture-in-picture; web-share\" referrerpolicy=\"strict-origin-when-cross-origin\" allowfullscreen><\/iframe><\/div>\n\t\t<\/div>\n\t<\/div>\n\n\t<div class=\"wpb_text_column wpb_content_element\" >\n\t\t<div class=\"wpb_wrapper\">\n\t\t\t<p><span style=\"font-weight: 400\">Activit\u00e9s qui se d\u00e9roulent \u00e0 la clinique de r\u00e9\u00e9ducation, visiteurs internationaux, minist\u00e8re, changements, gala, nouvelles, vid\u00e9os, interviews<\/span><\/p>\n\n\t\t<\/div>\n\t<\/div>\n<\/div><\/div><\/div><\/div><div class=\"vc_row wpb_row vc_row-fluid vc_column-gap-35\"><div class=\"wpb_column vc_column_container vc_col-sm-5\"><div class=\"vc_column-inner\"><div class=\"wpb_wrapper\">\n\t<div class=\"wpb_text_column wpb_content_element\" >\n\t\t<div class=\"wpb_wrapper\">\n\t\t\t<h2 id=\"page-title\" class=\"\">What&#8217;s Up @ Prehabilitation Clinic<\/h2>\n<h3 class=\"\">Consultez notre plus r\u00e9cent communiqu\u00e9 de presse<\/h3>\n<p><a style=\"text-decoration: none\" href=\"https:\/\/prehabilitation.ca\/wp-content\/uploads\/sites\/10\/2023\/09\/August-2023-Newsletter-version-francaise-Finale.pdf\" target=\"_blank\" rel=\"noopener\"><span style=\"color: #28a7fb\"><strong>Ao\u00fbt 2023 (lien du fichier\u00a0PDF, \u00e9dition de ao\u00fbt\u00a02023, en anglais)<\/strong><\/span><\/a><\/p>\n\n\t\t<\/div>\n\t<\/div>\n\n\t<div  class=\"wpb_single_image wpb_content_element vc_align_left\">\n\t\t\n\t\t<figure class=\"wpb_wrapper vc_figure\">\n\t\t\t<a href=\"https:\/\/prehabilitation.ca\/fr\/newsletter-september-2021\/\" target=\"_blank\"  class=\"vc_single_image-wrapper   vc_box_border_grey rollover\"   ><img loading=\"lazy\" decoding=\"async\" width=\"1024\" height=\"681\" src=\"https:\/\/prehabilitation.ca\/wp-content\/uploads\/sites\/10\/2023\/10\/prehab-team-1024x681.png\" class=\"vc_single_image-img attachment-large\" alt=\"Image of Prehab team\" title=\"prehab-team\" srcset=\"https:\/\/prehabilitation.ca\/wp-content\/uploads\/sites\/10\/2023\/10\/prehab-team-1024x681.png 1024w, https:\/\/prehabilitation.ca\/wp-content\/uploads\/sites\/10\/2023\/10\/prehab-team-300x200.png 300w, https:\/\/prehabilitation.ca\/wp-content\/uploads\/sites\/10\/2023\/10\/prehab-team-768x511.png 768w, https:\/\/prehabilitation.ca\/wp-content\/uploads\/sites\/10\/2023\/10\/prehab-team-18x12.png 18w, https:\/\/prehabilitation.ca\/wp-content\/uploads\/sites\/10\/2023\/10\/prehab-team.png 1114w\" sizes=\"auto, (max-width: 1024px) 100vw, 1024px\"  data-dt-location=\"https:\/\/prehabilitation.ca\/fr\/events-news\/prehab-team\/\" \/><\/a>\n\t\t<\/figure>\n\t<\/div>\n<div class=\"vc_separator wpb_content_element vc_separator_align_center vc_sep_width_60 vc_sep_pos_align_center vc_separator_no_text vc_sep_color_grey wpb_content_element  wpb_content_element\" ><span class=\"vc_sep_holder vc_sep_holder_l\"><span class=\"vc_sep_line\"><\/span><\/span><span class=\"vc_sep_holder vc_sep_holder_r\"><span class=\"vc_sep_line\"><\/span><\/span>\n<\/div>\n\t<div class=\"wpb_text_column wpb_content_element\" >\n\t\t<div class=\"wpb_wrapper\">\n\t\t\t<h2>Bulletins archiv\u00e9s:<\/h2>\n\n\t\t<\/div>\n\t<\/div>\n\n\t<div class=\"wpb_text_column wpb_content_element\" >\n\t\t<div class=\"wpb_wrapper\">\n\t\t\t<ul>\n<li><a href=\"https:\/\/prehabilitation.ca\/wp-content\/uploads\/sites\/10\/2021\/09\/Newsletter-August-2021-Final.pdf\" target=\"_blank\" rel=\"noopener\">Ao\u00fbt 2021<\/a><\/li>\n<li><a href=\"https:\/\/prehabilitation.ca\/fr\/newsletter-september-2020\/\" target=\"_blank\" rel=\"noopener\">Septembre 2020<\/a><\/li>\n<li><a href=\"https:\/\/prehabilitation.ca\/wp-content\/uploads\/sites\/10\/2020\/08\/newsletter_oct_2019.pdf\" target=\"_blank\" rel=\"noopener\">Octobre 2019<\/a><\/li>\n<li><a href=\"https:\/\/prehabilitation.ca\/wp-content\/uploads\/sites\/10\/2020\/08\/newsletter_june_2018.pdf\" target=\"_blank\" rel=\"noopener\">Juin 2018<\/a><\/li>\n<li><a href=\"https:\/\/prehabilitation.ca\/wp-content\/uploads\/sites\/10\/2020\/08\/newsletter_june_2017.pdf\" target=\"_blank\" rel=\"noopener\">Juin 2017<\/a><\/li>\n<li><a href=\"https:\/\/prehabilitation.ca\/wp-content\/uploads\/sites\/10\/2020\/08\/newsletter_june_2016_pop_pdf.pdf\" target=\"_blank\" rel=\"noopener\">Juin 2016<\/a><\/li>\n<li><a href=\"https:\/\/prehabilitation.ca\/wp-content\/uploads\/sites\/10\/2020\/08\/newsletter_june_2015_pop_final.pdf\" target=\"_blank\" rel=\"noopener\">Juin 2015<\/a><\/li>\n<\/ul>\n\n\t\t<\/div>\n\t<\/div>\n<\/div><\/div><\/div><div class=\"wpb_column vc_column_container vc_col-sm-7\"><div class=\"vc_column-inner\"><div class=\"wpb_wrapper\">\n\t<div class=\"wpb_text_column wpb_content_element\" >\n\t\t<div class=\"wpb_wrapper\">\n\t\t\t<h2 id=\"news-release-february-2020\">Derni\u00e8re newsletter ao\u00fbt 2023<\/h2>\n<p>Depuis octobre 2021, <span style=\"font-weight: 400\">Clinique de Pr\u00e9adaptation <\/span>a re\u00e7u l'autorisation du CUSM d'op\u00e9rer comme une clinique. La nouvelle clinique du CUSM compte 3 employ\u00e9s du CUSM ; 1 adjointe administrative \u00e0 temps plein (Anastasia Parashis, 1 physioth\u00e9rapeute \u00e0 temps plein (Do Jun Kim) et une nutritionniste \u00e0 temps plein Jade Corriveau). La clinique est situ\u00e9e \u00e0 c\u00f4t\u00e9 de la clinique pr\u00e9op\u00e9ratoire et de la centrale de r\u00e9servation des salles d'op\u00e9ration (CORB). Les patients qui se pr\u00e9sentent \u00e0 la clinique sont r\u00e9f\u00e9r\u00e9s par les chirurgiens du CUSM et d'autres h\u00f4pitaux de Montr\u00e9al. Au cours de la premi\u00e8re ann\u00e9e de fonctionnement, la clinique a trait\u00e9 184 patients \u00e0 haut risque de diff\u00e9rentes sp\u00e9cialit\u00e9s chirurgicales et vus par l'\u00e9quipe multidisciplinaire qui a prescrit des programmes individuels pour chaque patient. Outre les 3 employ\u00e9s du CUSM, <span style=\"font-weight: 400\">Clinique de Pr\u00e9adaptation <\/span>a soutenu financi\u00e8rement 1 infirmi\u00e8re, 1 employ\u00e9 de saisie de donn\u00e9es et 1 analyste de donn\u00e9es. Deux infirmi\u00e8res b\u00e9n\u00e9voles fournissent des conseils psychosociaux aux patients dans le besoin. De plus, le pr\u00e9sident et le directeur sont b\u00e9n\u00e9voles.<\/p>\n<p><a href=\"https:\/\/prehabilitation.ca\/wp-content\/uploads\/sites\/10\/2023\/09\/August-2023-Newsletter-version-francaise-Finale.pdf\" target=\"_blank\" rel=\"noopener\">Pour en savoir davantage, cliquez ici (lien du fichier\u00a0PDF, \u00e9dition de ao\u00fbt\u00a02023, en anglais)<\/a><\/p>\n\n\t\t<\/div>\n\t<\/div>\n<\/div><\/div><\/div><\/div>\n<\/div>","protected":false},"excerpt":{"rendered":"<p>Activities that happen at the prehab clinic, international visitors, ministry, changes, gala, news, videos, interviews What&#8217;s Up @ Prehabilitation Clinic Check out the latest edition of our newsletter August 2023 Archived newsletters: August 2021 September 2020 October 2019 June 2018 June 2017 June 2016 June 2015 Latest Newsletter August 2023 As of October 2021, Prehabilitation&hellip;<\/p>","protected":false},"author":1,"featured_media":0,"parent":0,"menu_order":0,"comment_status":"closed","ping_status":"closed","template":"","meta":{"_monsterinsights_skip_tracking":false,"_monsterinsights_sitenote_active":false,"_monsterinsights_sitenote_note":"","_monsterinsights_sitenote_category":0,"footnotes":""},"yst_prominent_words":[],"class_list":["post-15284","page","type-page","status-publish","hentry","description-off"],"_links":{"self":[{"href":"https:\/\/prehabilitation.ca\/fr\/wp-json\/wp\/v2\/pages\/15284","targetHints":{"allow":["GET"]}}],"collection":[{"href":"https:\/\/prehabilitation.ca\/fr\/wp-json\/wp\/v2\/pages"}],"about":[{"href":"https:\/\/prehabilitation.ca\/fr\/wp-json\/wp\/v2\/types\/page"}],"author":[{"embeddable":true,"href":"https:\/\/prehabilitation.ca\/fr\/wp-json\/wp\/v2\/users\/1"}],"replies":[{"embeddable":true,"href":"https:\/\/prehabilitation.ca\/fr\/wp-json\/wp\/v2\/comments?post=15284"}],"version-history":[{"count":22,"href":"https:\/\/prehabilitation.ca\/fr\/wp-json\/wp\/v2\/pages\/15284\/revisions"}],"predecessor-version":[{"id":16629,"href":"https:\/\/prehabilitation.ca\/fr\/wp-json\/wp\/v2\/pages\/15284\/revisions\/16629"}],"wp:attachment":[{"href":"https:\/\/prehabilitation.ca\/fr\/wp-json\/wp\/v2\/media?parent=15284"}],"wp:term":[{"taxonomy":"yst_prominent_words","embeddable":true,"href":"https:\/\/prehabilitation.ca\/fr\/wp-json\/wp\/v2\/yst_prominent_words?post=15284"}],"curies":[{"name":"wp","href":"https:\/\/api.w.org\/{rel}","templated":true}]}}